{"id":12126,"date":"2014-09-24T10:43:41","date_gmt":"2014-09-24T10:43:41","guid":{"rendered":"https:\/\/keuthmann_new.vorschauseite.de\/?page_id=12126"},"modified":"2019-11-20T15:22:46","modified_gmt":"2019-11-20T15:22:46","slug":"frische-weltweit","status":"publish","type":"page","link":"https:\/\/keuthmann.net\/?page_id=12126","title":{"rendered":"Frische weltweit"},"content":{"rendered":"[blank_spacer height=&#8221;30px&#8221; width=&#8221;1\/1&#8243; el_position=&#8221;first last&#8221;] [spb_column width=&#8221;1\/3&#8243; el_position=&#8221;first&#8221;] [spb_single_image image=&#8221;12272&#8243; image_size=&#8221;full&#8221; frame=&#8221;noframe&#8221; intro_animation=&#8221;none&#8221; full_width=&#8221;no&#8221; lightbox=&#8221;yes&#8221; link_target=&#8221;_self&#8221; width=&#8221;1\/1&#8243; el_position=&#8221;first last&#8221;] [\/spb_column] [spb_column width=&#8221;2\/3&#8243; el_position=&#8221;last&#8221;] [spb_text_block title=&#8221;In der Welt zuhause.&#8221; icon=&#8221;fa-globe&#8221; pb_margin_bottom=&#8221;no&#8221; pb_border_bottom=&#8221;no&#8221; width=&#8221;1\/1&#8243; el_position=&#8221;first last&#8221;]\n<p>Jeder Ort der Welt hat seine ganz eigenen Qualit\u00e4ten und daher seinen individuellen Charakter. In der Kulinarik und bei den Lebensmitteln kommt das besonders zum Ausdruck. Jeder Erdteil bietet seine eigenen Delikatessen. Aus diesem Grund suchen wir bei Keuthmann weltweit nach Erzeugern und Partnern, die mit ihren Produkten diesem Konzept folgen. Nicht nur das Angebot gr\u00f6\u00dferer Mengen, sondern auch ausgesuchte Spezialt\u00e4ten sind dabei ausschlaggebend. Eine fruchtig-gr\u00fcne Tomate wie die Sorte Raf w\u00e4chst nicht \u00fcberall, sie hat ihre Heimat \u2013 und das schmeckt man.<\/p>\n[\/spb_text_block] [\/spb_column] [spb_column width=&#8221;1\/3&#8243; el_position=&#8221;first&#8221;] [spb_single_image image=&#8221;12214&#8243; image_size=&#8221;full&#8221; frame=&#8221;noframe&#8221; intro_animation=&#8221;none&#8221; full_width=&#8221;no&#8221; lightbox=&#8221;yes&#8221; link_target=&#8221;_self&#8221; width=&#8221;1\/1&#8243; el_position=&#8221;first last&#8221;] [\/spb_column] [spb_column width=&#8221;2\/3&#8243; el_position=&#8221;last&#8221;] [spb_text_block title=&#8221;Regional frisch&#8221; icon=&#8221;fa-leaf&#8221; pb_margin_bottom=&#8221;yes&#8221; pb_border_bottom=&#8221;no&#8221; width=&#8221;1\/1&#8243; el_position=&#8221;first last&#8221;]\n<p>Angebote der Saison werden immer wichtiger. Somit sind auch Spezialit\u00e4ten aus Berlin und Brandenburg sowie alte Sorten wieder gefragt. Wir bei Keuthmann besitzen wertvolle Kontakte zu Bauern und Erzeugern aus der Region. Das schafft Vertrauen, sorgt f\u00fcr Transparenz und f\u00f6rdert die lokale Landwirtschaft.<\/p>\n<p>Wir suchen die N\u00e4he zu unseren <a href=\"https:\/\/keuthmann.net\/?page_id=12134\">Lieferanten<\/a>. Daher besuchen wir regelm\u00e4\u00dfig Anbaugebiete. Dort pr\u00fcfen wir gemeinsam Geschmack und Aussehen von Obst und Gem\u00fcse. Vor Ort l\u00e4sst sich auch am besten beurteilen, wie die Ernte ausgefallen ist. Welche Produkte im jeweiligen Jahr einen besonderen Charakter haben l\u00e4sst sich dabei ebenfalls absch\u00e4tzen. Gemeinsam mit unseren Partnern entwickeln wir neue Sortimente und gestalten f\u00fcr unsere Kunden individuelle Angebote. Nachhaltigkeit in <a href=\"https:\/\/keuthmann.net\/?page_id=12130\">Qualit\u00e4t<\/a> und Angebot sind f\u00fcr uns hierbei immer entscheidend.<\/p>\n[\/spb_text_block] [\/spb_column] [spb_column width=&#8221;1\/3&#8243; el_position=&#8221;first&#8221;] [spb_single_image image=&#8221;12906&#8243; image_size=&#8221;medium&#8221; frame=&#8221;noframe&#8221; intro_animation=&#8221;none&#8221; full_width=&#8221;no&#8221; lightbox=&#8221;yes&#8221; link_target=&#8221;_self&#8221; width=&#8221;1\/1&#8243; el_position=&#8221;first last&#8221;] [\/spb_column] [spb_column width=&#8221;2\/3&#8243; el_position=&#8221;last&#8221;] [spb_text_block title=&#8221;Global direkt&#8221; icon=&#8221;fa-plane&#8221; pb_margin_bottom=&#8221;yes&#8221; pb_border_bottom=&#8221;no&#8221; width=&#8221;1\/1&#8243; el_position=&#8221;first last&#8221;]\n<p>Keuthmann agiert international. Wir sind in nahezu allen Erdteilen zu Hause. Unsere Waren beziehen wir direkt von unseren <a href=\"https:\/\/keuthmann.net\/?page_id=12134\">Erzeugern<\/a>. Regelm\u00e4\u00dfig besuchen wir unsere Partner vor Ort. Die Sortimente bei Keuthmann bieten das Beste aus Europa, Nord- und S\u00fcdamerika, Afrika, Asien sowie der Pazifikregion.<\/p>\n<p>Langj\u00e4hrige Partnerschaft mit eingespielter Logistik bringen Planungssicherheit und garantieren gleichbleibende <a href=\"https:\/\/keuthmann.net\/?page_id=12130\">Qualit\u00e4t<\/a>. Wir bieten optimale Logistikl\u00f6sungen vom Ursprung direkt zum Kunden. Mehr Frische geht nicht.<\/p>\n[\/spb_text_block] [\/spb_column]<\/p>\n","protected":false},"excerpt":{"rendered":"<p>[blank_spacer height=&#8221;30px&#8221; width=&#8221;1\/1&#8243; el_position=&#8221;first last&#8221;] [spb_column width=&#8221;1\/3&#8243; el_position=&#8221;first&#8221;] [spb_single_image image=&#8221;12272&#8243; image_size=&#8221;full&#8221; frame=&#8221;noframe&#8221; intro_animation=&#8221;none&#8221; full_width=&#8221;no&#8221; lightbox=&#8221;yes&#8221; link_target=&#8221;_self&#8221; width=&#8221;1\/1&#8243; el_position=&#8221;first last&#8221;] [\/spb_column] [spb_column width=&#8221;2\/3&#8243; el_position=&#8221;last&#8221;] [spb_text_block title=&#8221;In der Welt zuhause.&#8221; icon=&#8221;fa-globe&#8221; pb_margin_bottom=&#8221;no&#8221; pb_border_bottom=&#8221;no&#8221; width=&#8221;1\/1&#8243; el_position=&#8221;first last&#8221;] Jeder Ort der Welt hat seine ganz eigenen Qualit\u00e4ten und daher seinen individuellen Charakter. In der Kulinarik und bei den Lebensmitteln kommt das besonders zum Ausdruck. [&hellip;]<\/p>\n","protected":false},"author":1,"featured_media":0,"parent":0,"menu_order":0,"comment_status":"closed","ping_status":"closed","template":"","meta":{"_acf_changed":false,"footnotes":""},"acf":[],"yoast_head":"<!-- This site is optimized with the Yoast SEO plugin v22.4 - https:\/\/yoast.com\/wordpress\/plugins\/seo\/ -->\n<title>Keuthmann GmbH - Frische weltweit in der Welt zu Hause<\/title>\n<meta name=\"description\" content=\"Keuthmann ist in allen Erdteilen zu Hause. Unser Obst und Gem\u00fcse beziehen wir direkt vom Erzeuger. Qualit\u00e4t, Vertrauen und Transparenz sind unsere St\u00e4rke.\" \/>\n<meta name=\"robots\" content=\"index, follow, max-snippet:-1, max-image-preview:large, max-video-preview:-1\" \/>\n<link rel=\"canonical\" href=\"https:\/\/keuthmann.net\/?page_id=12126\" \/>\n<meta property=\"og:locale\" content=\"de_DE\" \/>\n<meta property=\"og:type\" content=\"article\" \/>\n<meta property=\"og:title\" content=\"Keuthmann GmbH - Frische weltweit in der Welt zu Hause\" \/>\n<meta property=\"og:description\" content=\"Keuthmann ist in allen Erdteilen zu Hause. Unser Obst und Gem\u00fcse beziehen wir direkt vom Erzeuger. Qualit\u00e4t, Vertrauen und Transparenz sind unsere St\u00e4rke.\" \/>\n<meta property=\"og:url\" content=\"https:\/\/keuthmann.net\/?page_id=12126\" \/>\n<meta property=\"og:site_name\" content=\"Keuthmann\" \/>\n<meta property=\"article:publisher\" content=\"https:\/\/www.facebook.com\/keuthmannberlin\/\" \/>\n<meta property=\"article:modified_time\" content=\"2019-11-20T15:22:46+00:00\" \/>\n<meta name=\"twitter:card\" content=\"summary_large_image\" \/>\n<meta name=\"twitter:label1\" content=\"Gesch\u00e4tzte Lesezeit\" \/>\n\t<meta name=\"twitter:data1\" content=\"2 Minuten\" \/>\n<script type=\"application\/ld+json\" class=\"yoast-schema-graph\">{\"@context\":\"https:\/\/schema.org\",\"@graph\":[{\"@type\":\"WebPage\",\"@id\":\"https:\/\/keuthmann.net\/?page_id=12126\",\"url\":\"https:\/\/keuthmann.net\/?page_id=12126\",\"name\":\"Keuthmann GmbH - Frische weltweit in der Welt zu Hause\",\"isPartOf\":{\"@id\":\"https:\/\/keuthmann.net\/#website\"},\"datePublished\":\"2014-09-24T10:43:41+00:00\",\"dateModified\":\"2019-11-20T15:22:46+00:00\",\"description\":\"Keuthmann ist in allen Erdteilen zu Hause. Unser Obst und Gem\u00fcse beziehen wir direkt vom Erzeuger. Qualit\u00e4t, Vertrauen und Transparenz sind unsere St\u00e4rke.\",\"breadcrumb\":{\"@id\":\"https:\/\/keuthmann.net\/?page_id=12126#breadcrumb\"},\"inLanguage\":\"de-DE\",\"potentialAction\":[{\"@type\":\"ReadAction\",\"target\":[\"https:\/\/keuthmann.net\/?page_id=12126\"]}]},{\"@type\":\"BreadcrumbList\",\"@id\":\"https:\/\/keuthmann.net\/?page_id=12126#breadcrumb\",\"itemListElement\":[{\"@type\":\"ListItem\",\"position\":1,\"name\":\"Startseite\",\"item\":\"https:\/\/keuthmann.net\/\"},{\"@type\":\"ListItem\",\"position\":2,\"name\":\"Frische weltweit\"}]},{\"@type\":\"WebSite\",\"@id\":\"https:\/\/keuthmann.net\/#website\",\"url\":\"https:\/\/keuthmann.net\/\",\"name\":\"Keuthmann\",\"description\":\"Nat\u00fcrlich weltweit frisch\",\"publisher\":{\"@id\":\"https:\/\/keuthmann.net\/#organization\"},\"potentialAction\":[{\"@type\":\"SearchAction\",\"target\":{\"@type\":\"EntryPoint\",\"urlTemplate\":\"https:\/\/keuthmann.net\/?s={search_term_string}\"},\"query-input\":\"required name=search_term_string\"}],\"inLanguage\":\"de-DE\"},{\"@type\":\"Organization\",\"@id\":\"https:\/\/keuthmann.net\/#organization\",\"name\":\"Peter Keuthmann GmbH & Co.KG\",\"url\":\"https:\/\/keuthmann.net\/\",\"logo\":{\"@type\":\"ImageObject\",\"inLanguage\":\"de-DE\",\"@id\":\"https:\/\/keuthmann.net\/#\/schema\/logo\/image\/\",\"url\":\"https:\/\/keuthmann.net\/wp-content\/uploads\/2019\/11\/Logo_Slogan_RGB_3D.jpg\",\"contentUrl\":\"https:\/\/keuthmann.net\/wp-content\/uploads\/2019\/11\/Logo_Slogan_RGB_3D.jpg\",\"width\":2059,\"height\":500,\"caption\":\"Peter Keuthmann GmbH & Co.KG\"},\"image\":{\"@id\":\"https:\/\/keuthmann.net\/#\/schema\/logo\/image\/\"},\"sameAs\":[\"https:\/\/www.facebook.com\/keuthmannberlin\/\"]}]}<\/script>\n<!-- \/ Yoast SEO plugin. -->","yoast_head_json":{"title":"Keuthmann GmbH - Frische weltweit in der Welt zu Hause","description":"Keuthmann ist in allen Erdteilen zu Hause. Unser Obst und Gem\u00fcse beziehen wir direkt vom Erzeuger. Qualit\u00e4t, Vertrauen und Transparenz sind unsere St\u00e4rke.","robots":{"index":"index","follow":"follow","max-snippet":"max-snippet:-1","max-image-preview":"max-image-preview:large","max-video-preview":"max-video-preview:-1"},"canonical":"https:\/\/keuthmann.net\/?page_id=12126","og_locale":"de_DE","og_type":"article","og_title":"Keuthmann GmbH - Frische weltweit in der Welt zu Hause","og_description":"Keuthmann ist in allen Erdteilen zu Hause. Unser Obst und Gem\u00fcse beziehen wir direkt vom Erzeuger. Qualit\u00e4t, Vertrauen und Transparenz sind unsere St\u00e4rke.","og_url":"https:\/\/keuthmann.net\/?page_id=12126","og_site_name":"Keuthmann","article_publisher":"https:\/\/www.facebook.com\/keuthmannberlin\/","article_modified_time":"2019-11-20T15:22:46+00:00","twitter_card":"summary_large_image","twitter_misc":{"Gesch\u00e4tzte Lesezeit":"2 Minuten"},"schema":{"@context":"https:\/\/schema.org","@graph":[{"@type":"WebPage","@id":"https:\/\/keuthmann.net\/?page_id=12126","url":"https:\/\/keuthmann.net\/?page_id=12126","name":"Keuthmann GmbH - Frische weltweit in der Welt zu Hause","isPartOf":{"@id":"https:\/\/keuthmann.net\/#website"},"datePublished":"2014-09-24T10:43:41+00:00","dateModified":"2019-11-20T15:22:46+00:00","description":"Keuthmann ist in allen Erdteilen zu Hause. Unser Obst und Gem\u00fcse beziehen wir direkt vom Erzeuger. Qualit\u00e4t, Vertrauen und Transparenz sind unsere St\u00e4rke.","breadcrumb":{"@id":"https:\/\/keuthmann.net\/?page_id=12126#breadcrumb"},"inLanguage":"de-DE","potentialAction":[{"@type":"ReadAction","target":["https:\/\/keuthmann.net\/?page_id=12126"]}]},{"@type":"BreadcrumbList","@id":"https:\/\/keuthmann.net\/?page_id=12126#breadcrumb","itemListElement":[{"@type":"ListItem","position":1,"name":"Startseite","item":"https:\/\/keuthmann.net\/"},{"@type":"ListItem","position":2,"name":"Frische weltweit"}]},{"@type":"WebSite","@id":"https:\/\/keuthmann.net\/#website","url":"https:\/\/keuthmann.net\/","name":"Keuthmann","description":"Nat\u00fcrlich weltweit frisch","publisher":{"@id":"https:\/\/keuthmann.net\/#organization"},"potentialAction":[{"@type":"SearchAction","target":{"@type":"EntryPoint","urlTemplate":"https:\/\/keuthmann.net\/?s={search_term_string}"},"query-input":"required name=search_term_string"}],"inLanguage":"de-DE"},{"@type":"Organization","@id":"https:\/\/keuthmann.net\/#organization","name":"Peter Keuthmann GmbH & Co.KG","url":"https:\/\/keuthmann.net\/","logo":{"@type":"ImageObject","inLanguage":"de-DE","@id":"https:\/\/keuthmann.net\/#\/schema\/logo\/image\/","url":"https:\/\/keuthmann.net\/wp-content\/uploads\/2019\/11\/Logo_Slogan_RGB_3D.jpg","contentUrl":"https:\/\/keuthmann.net\/wp-content\/uploads\/2019\/11\/Logo_Slogan_RGB_3D.jpg","width":2059,"height":500,"caption":"Peter Keuthmann GmbH & Co.KG"},"image":{"@id":"https:\/\/keuthmann.net\/#\/schema\/logo\/image\/"},"sameAs":["https:\/\/www.facebook.com\/keuthmannberlin\/"]}]}},"_links":{"self":[{"href":"https:\/\/keuthmann.net\/index.php?rest_route=\/wp\/v2\/pages\/12126"}],"collection":[{"href":"https:\/\/keuthmann.net\/index.php?rest_route=\/wp\/v2\/pages"}],"about":[{"href":"https:\/\/keuthmann.net\/index.php?rest_route=\/wp\/v2\/types\/page"}],"author":[{"embeddable":true,"href":"https:\/\/keuthmann.net\/index.php?rest_route=\/wp\/v2\/users\/1"}],"replies":[{"embeddable":true,"href":"https:\/\/keuthmann.net\/index.php?rest_route=%2Fwp%2Fv2%2Fcomments&post=12126"}],"version-history":[{"count":27,"href":"https:\/\/keuthmann.net\/index.php?rest_route=\/wp\/v2\/pages\/12126\/revisions"}],"predecessor-version":[{"id":13749,"href":"https:\/\/keuthmann.net\/index.php?rest_route=\/wp\/v2\/pages\/12126\/revisions\/13749"}],"wp:attachment":[{"href":"https:\/\/keuthmann.net\/index.php?rest_route=%2Fwp%2Fv2%2Fmedia&parent=12126"}],"curies":[{"name":"wp","href":"https:\/\/api.w.org\/{rel}","templated":true}]}}