{"id":12128,"date":"2014-09-24T10:44:16","date_gmt":"2014-09-24T10:44:16","guid":{"rendered":"https:\/\/keuthmann_new.vorschauseite.de\/?page_id=12128"},"modified":"2015-06-08T09:11:24","modified_gmt":"2015-06-08T09:11:24","slug":"service","status":"publish","type":"page","link":"https:\/\/keuthmann.net\/?page_id=12128","title":{"rendered":"Service"},"content":{"rendered":"[spb_single_image image=&#8221;12264&#8243; image_size=&#8221;full&#8221; frame=&#8221;noframe&#8221; intro_animation=&#8221;fade-in&#8221; full_width=&#8221;no&#8221; lightbox=&#8221;yes&#8221; link_target=&#8221;_self&#8221; width=&#8221;1\/2&#8243; el_position=&#8221;first&#8221;] [spb_text_block title=&#8221;Frische weltweit, auf Ihre W\u00fcnsche abgestimmt.&#8221; pb_margin_bottom=&#8221;no&#8221; pb_border_bottom=&#8221;no&#8221; width=&#8221;1\/2&#8243; el_position=&#8221;last&#8221;]\n<p>Frische weltweit, rund um die Uhr, auf Ihre W\u00fcnsche abgestimmt: Wir bei Keuthmann entwickeln aktiv nachhaltige L\u00f6sungen f\u00fcr unsere Kunden. Obst und Gem\u00fcse aus der Region finden Sie bei uns ebenso wie Zitrusfr\u00fcchte und exotische Lebensmittel aus der ganzen Welt. Und sollte ein Produkt in unserem Sortiment fehlen beschaffen wir es innerhalb k\u00fcrzester Zeit.\u00a0Wir beraten pers\u00f6nlich, vor Ort oder am Telefon. Auf unserer Pr\u00e4sentationsfl\u00e4che auf dem Gro\u00dfmarkt k\u00f6nnen Sie alle Produkte verkosten. Wir informieren tagesaktuell \u00fcber Sortiment, Preise und besondere Angebote. Auch auf Sonderw\u00fcnsche und Nachbestellungen freut sich unser Serviceteam. Und nat\u00fcrlich helfen wir Ihnen bei der Warenzusammenstellung bis hin zum Beladen Ihres Fahrzeuges.<\/p>\n<p>Die Pr\u00e4sentation, unsere \u00d6ffnungszeiten und unser Service sind auf die Bed\u00fcrfnisse des gesamten Lebensmitteleinzelhandels, vom &#8220;Profi-Wochenmarkth\u00e4ndler&#8221; bis hin zum filialisierenden LEH zugeschnitten. Auch f\u00fcr Restaurants, Hotels und Caterer bieten wir ma\u00dfgeschneiderte L\u00f6sungen.<\/p>\n[\/spb_text_block] [divider type=&#8221;thin&#8221; text=&#8221;Go to top&#8221; full_width=&#8221;no&#8221; width=&#8221;1\/1&#8243; el_position=&#8221;first last&#8221;] [spb_text_block title=&#8221;Keuthmann Food-Scouts&#8221; icon=&#8221;fa-search&#8221; pb_margin_bottom=&#8221;no&#8221; pb_border_bottom=&#8221;no&#8221; width=&#8221;1\/3&#8243; el_position=&#8221;first&#8221;]\n<p>Die Keuthmann-Food-Scouts sind rund um den Globus f\u00fcr Sie unterwegs. Gemeinsam mit Kunden und Lieferanten werden neue Themen entwickelt oder individuelle L\u00f6sungen gestaltet. Vom Pak Choi aus Brandenburg bis zum original Teltower R\u00fcbchen\u00a0\u2013 wir sind leidenschaftliche Entdecker.<\/p>\n<p>Unser Expertenteam ist weltweit auf Messen und bei Produzenten unterwegs. Neue Trends entdecken wir\u00a0lange bevor sich die Produkte in den Supermarktregalen oder der Gastronomie etabliert haben. Paraguayos und die gr\u00fcne Raf Tomate haben wir in Berlin-Brandenburg als erster H\u00e4ndler am Markt angeboten.<\/p>\n[\/spb_text_block] [spb_text_block title=&#8221;24-Stunden-Logistik&#8221; icon=&#8221;fa-clock-o&#8221; pb_margin_bottom=&#8221;no&#8221; pb_border_bottom=&#8221;no&#8221; width=&#8221;1\/3&#8243;]\n<p>Unsere Logistik ist rund um die Uhr im Einsatz \u2013 in Berlin, Brandenburg aber auch im ganzen Bundesgebiet. Wir verf\u00fcgen \u00fcber ein dichtes Auslieferungsnetz und Fahrzeuge in verschiedenen Gr\u00f6\u00dfen. So\u00a0k\u00f6nnen wir den vielf\u00e4ltigsten Anforderungen des Lebensmittelhandels aber auch individuellen Bed\u00fcrfnissen f\u00fcr kleinere Marktst\u00e4nde oder der Feinkostszene gerecht werden.<\/p>\n<p>Unsere Logistik liefert punktgenau und auch direkt ab Erzeuger bis in ihr Warenlager. F\u00fcr Selbstabholer stellen wir auch kleinere Mengen in\u00a0unserem Abholmarkt\u00a0zusammen. F\u00fcr Caterer und K\u00f6che, die ihre Waren in der Nacht verarbeiten oder fr\u00fch am Morgen abholen wollen, ist dies eine optimale L\u00f6sung.<\/p>\n[\/spb_text_block] [spb_text_block title=&#8221;Individuelle Konzepte&#8221; icon=&#8221;fa-cutlery&#8221; pb_margin_bottom=&#8221;no&#8221; pb_border_bottom=&#8221;no&#8221; width=&#8221;1\/3&#8243; el_position=&#8221;last&#8221;]\n<p>Wir suchen die N\u00e4he zu unseren Lieferanten, besuchen regelm\u00e4\u00dfig Anbaugebiete und pr\u00fcfen gemeinsam Geschmack und Aussehen von Obst, Gem\u00fcse &amp; Co. Diese N\u00e4he und langj\u00e4hrige Partnerschaften machen es uns m\u00f6glich, selbst ausgefallene W\u00fcnsche f\u00fcr unsere Kunden zu realisieren.<\/p>\n<p>Wir haben nicht nur eines der gr\u00f6\u00dften Sortimentsangebote der Region \u2013 wir realisieren f\u00fcr unsere Kunden auch ganz individuelle L\u00f6sungen. Individualit\u00e4t bedeutet f\u00fcr uns au\u00dferdem die Orientierung an den Prozessen und Anforderungen unserer Kunden.<\/p>\n[\/spb_text_block] [divider type=&#8221;standard&#8221; text=&#8221;Go to top&#8221; full_width=&#8221;no&#8221; width=&#8221;1\/1&#8243; el_position=&#8221;first last&#8221;] [spb_text_block pb_margin_bottom=&#8221;no&#8221; pb_border_bottom=&#8221;no&#8221; width=&#8221;1\/1&#8243; el_position=&#8221;first last&#8221;]\n<h3 style=\"text-align: center;\"><strong>Alle Services im \u00dcberblick<\/strong><\/h3>\n[\/spb_text_block] [spb_parallax parallax_type=&#8221;image&#8221; bg_image=&#8221;12282&#8243; bg_type=&#8221;cover&#8221; parallax_video_height=&#8221;content-height&#8221; parallax_video_overlay=&#8221;none&#8221; parallax_image_height=&#8221;content-height&#8221; parallax_image_movement=&#8221;stellar&#8221; parallax_image_speed=&#8221;0,5&#8243; alt_background=&#8221;none&#8221; width=&#8221;1\/1&#8243; el_position=&#8221;first last&#8221;] [\/spb_parallax] [spb_column width=&#8221;1\/3&#8243; el_position=&#8221;first&#8221;] [spb_text_block pb_margin_bottom=&#8221;no&#8221; pb_border_bottom=&#8221;no&#8221; width=&#8221;1\/1&#8243; el_position=&#8221;first last&#8221;]\n<p><strong>Global direkt<br \/>\n<\/strong>Aus den G\u00e4rten der Welt direkt zu Ihnen: Ohne Umwege und Zwischenlagerung, zu jeder Uhrzeit an jeden Ort. Fragen Sie unser international t\u00e4tiges Agentur-Team.<\/p>\n[\/spb_text_block] [\/spb_column] [spb_column width=&#8221;1\/3&#8243;] [spb_text_block pb_margin_bottom=&#8221;no&#8221; pb_border_bottom=&#8221;no&#8221; width=&#8221;1\/1&#8243; el_position=&#8221;first last&#8221;]\n<p><strong>Logistik Just-in-Time<br \/>\n<\/strong>Gemeinsam mit unseren Erzeugern stimmen wir Angebot und Sortiment auf Ihre Anforderungen ab. Direkt vom Feld in die K\u00fcche oder ins Regal \u2013 das ist unser Anspruch.<\/p>\n[\/spb_text_block] [\/spb_column] [spb_column width=&#8221;1\/3&#8243; el_position=&#8221;last&#8221;] [spb_text_block pb_margin_bottom=&#8221;no&#8221; pb_border_bottom=&#8221;no&#8221; width=&#8221;1\/1&#8243; el_position=&#8221;first last&#8221;]\n<p><strong>24 h Service-Hotline<br \/>\n<\/strong>Wir sind rund um die Uhr f\u00fcr Sie da. Sie k\u00f6nnen Ihre Bestellung auch jederzeit via Mail oder Fax bei uns platzieren.<\/p>\n[\/spb_text_block] [\/spb_column] [spb_column width=&#8221;1\/3&#8243; el_position=&#8221;first&#8221;] [spb_text_block pb_margin_bottom=&#8221;no&#8221; pb_border_bottom=&#8221;no&#8221; width=&#8221;1\/1&#8243; el_position=&#8221;first last&#8221;]\n<p><strong>Food-Scouts<br \/>\n<\/strong>Sie haben besondere W\u00fcnsche oder suchen aktuelle Trendthemen: Als Food-Scouts sind wir weltweit f\u00fcr Sie unterwegs.<\/p>\n[\/spb_text_block] [\/spb_column] [spb_column width=&#8221;1\/3&#8243;] [spb_text_block pb_margin_bottom=&#8221;no&#8221; pb_border_bottom=&#8221;no&#8221; width=&#8221;1\/1&#8243; el_position=&#8221;first last&#8221;]\n<p><strong>Frischemarkt ab 2 Uhr<br \/>\n<\/strong>Unser Gro\u00dfmarktstand am Fruchthof ist rund um die Uhr erreichbar. Gerne bereiten wir ihre Bestellung zur Abholung ab 2 Uhr morgens vor und beladen ihr Fahrzeug.<\/p>\n[\/spb_text_block] [\/spb_column] [spb_column width=&#8221;1\/3&#8243; el_position=&#8221;last&#8221;] [spb_text_block pb_margin_bottom=&#8221;no&#8221; pb_border_bottom=&#8221;no&#8221; width=&#8221;1\/1&#8243; el_position=&#8221;first last&#8221;]\n<p><strong>Begehbare K\u00fchlung<br \/>\n<\/strong>Unsere gek\u00fchlte Verkaufsfl\u00e4che ist auch f\u00fcr Sie ge\u00f6ffnet: Sie k\u00f6nnen direkt vor Ort alle Produkte in Augenschein nehmen. Dies spiegelt unseren modernen Gro\u00dfmarktstand wider.<\/p>\n[\/spb_text_block] [\/spb_column]<\/p>\n","protected":false},"excerpt":{"rendered":"<p>[spb_single_image image=&#8221;12264&#8243; image_size=&#8221;full&#8221; frame=&#8221;noframe&#8221; intro_animation=&#8221;fade-in&#8221; full_width=&#8221;no&#8221; lightbox=&#8221;yes&#8221; link_target=&#8221;_self&#8221; width=&#8221;1\/2&#8243; el_position=&#8221;first&#8221;] [spb_text_block title=&#8221;Frische weltweit, auf Ihre W\u00fcnsche abgestimmt.&#8221; pb_margin_bottom=&#8221;no&#8221; pb_border_bottom=&#8221;no&#8221; width=&#8221;1\/2&#8243; el_position=&#8221;last&#8221;] Frische weltweit, rund um die Uhr, auf Ihre W\u00fcnsche abgestimmt: Wir bei Keuthmann entwickeln aktiv nachhaltige L\u00f6sungen f\u00fcr unsere Kunden. Obst und Gem\u00fcse aus der Region finden Sie bei uns ebenso wie Zitrusfr\u00fcchte und exotische Lebensmittel aus der ganzen [&hellip;]<\/p>\n","protected":false},"author":1,"featured_media":0,"parent":0,"menu_order":0,"comment_status":"closed","ping_status":"closed","template":"","meta":{"_acf_changed":false,"footnotes":""},"acf":[],"yoast_head":"<!-- This site is optimized with the Yoast SEO plugin v22.4 - https:\/\/yoast.com\/wordpress\/plugins\/seo\/ -->\n<title>Service - Keuthmann<\/title>\n<meta name=\"robots\" content=\"index, follow, max-snippet:-1, max-image-preview:large, max-video-preview:-1\" \/>\n<link rel=\"canonical\" href=\"https:\/\/keuthmann.net\/?page_id=12128\" \/>\n<meta property=\"og:locale\" content=\"de_DE\" \/>\n<meta property=\"og:type\" content=\"article\" \/>\n<meta property=\"og:title\" content=\"Service - Keuthmann\" \/>\n<meta property=\"og:description\" content=\"[spb_single_image image=&#8221;12264&#8243; image_size=&#8221;full&#8221; frame=&#8221;noframe&#8221; intro_animation=&#8221;fade-in&#8221; full_width=&#8221;no&#8221; lightbox=&#8221;yes&#8221; link_target=&#8221;_self&#8221; width=&#8221;1\/2&#8243; el_position=&#8221;first&#8221;] [spb_text_block title=&#8221;Frische weltweit, auf Ihre W\u00fcnsche abgestimmt.&#8221; pb_margin_bottom=&#8221;no&#8221; pb_border_bottom=&#8221;no&#8221; width=&#8221;1\/2&#8243; el_position=&#8221;last&#8221;] Frische weltweit, rund um die Uhr, auf Ihre W\u00fcnsche abgestimmt: Wir bei Keuthmann entwickeln aktiv nachhaltige L\u00f6sungen f\u00fcr unsere Kunden. Obst und Gem\u00fcse aus der Region finden Sie bei uns ebenso wie Zitrusfr\u00fcchte und exotische Lebensmittel aus der ganzen [&hellip;]\" \/>\n<meta property=\"og:url\" content=\"https:\/\/keuthmann.net\/?page_id=12128\" \/>\n<meta property=\"og:site_name\" content=\"Keuthmann\" \/>\n<meta property=\"article:publisher\" content=\"https:\/\/www.facebook.com\/keuthmannberlin\/\" \/>\n<meta property=\"article:modified_time\" content=\"2015-06-08T09:11:24+00:00\" \/>\n<meta name=\"twitter:card\" content=\"summary_large_image\" \/>\n<meta name=\"twitter:label1\" content=\"Gesch\u00e4tzte Lesezeit\" \/>\n\t<meta name=\"twitter:data1\" content=\"5 Minuten\" \/>\n<script type=\"application\/ld+json\" class=\"yoast-schema-graph\">{\"@context\":\"https:\/\/schema.org\",\"@graph\":[{\"@type\":\"WebPage\",\"@id\":\"https:\/\/keuthmann.net\/?page_id=12128\",\"url\":\"https:\/\/keuthmann.net\/?page_id=12128\",\"name\":\"Service - Keuthmann\",\"isPartOf\":{\"@id\":\"https:\/\/keuthmann.net\/#website\"},\"datePublished\":\"2014-09-24T10:44:16+00:00\",\"dateModified\":\"2015-06-08T09:11:24+00:00\",\"breadcrumb\":{\"@id\":\"https:\/\/keuthmann.net\/?page_id=12128#breadcrumb\"},\"inLanguage\":\"de-DE\",\"potentialAction\":[{\"@type\":\"ReadAction\",\"target\":[\"https:\/\/keuthmann.net\/?page_id=12128\"]}]},{\"@type\":\"BreadcrumbList\",\"@id\":\"https:\/\/keuthmann.net\/?page_id=12128#breadcrumb\",\"itemListElement\":[{\"@type\":\"ListItem\",\"position\":1,\"name\":\"Startseite\",\"item\":\"https:\/\/keuthmann.net\/\"},{\"@type\":\"ListItem\",\"position\":2,\"name\":\"Service\"}]},{\"@type\":\"WebSite\",\"@id\":\"https:\/\/keuthmann.net\/#website\",\"url\":\"https:\/\/keuthmann.net\/\",\"name\":\"Keuthmann\",\"description\":\"Nat\u00fcrlich weltweit frisch\",\"publisher\":{\"@id\":\"https:\/\/keuthmann.net\/#organization\"},\"potentialAction\":[{\"@type\":\"SearchAction\",\"target\":{\"@type\":\"EntryPoint\",\"urlTemplate\":\"https:\/\/keuthmann.net\/?s={search_term_string}\"},\"query-input\":\"required name=search_term_string\"}],\"inLanguage\":\"de-DE\"},{\"@type\":\"Organization\",\"@id\":\"https:\/\/keuthmann.net\/#organization\",\"name\":\"Peter Keuthmann GmbH & Co.KG\",\"url\":\"https:\/\/keuthmann.net\/\",\"logo\":{\"@type\":\"ImageObject\",\"inLanguage\":\"de-DE\",\"@id\":\"https:\/\/keuthmann.net\/#\/schema\/logo\/image\/\",\"url\":\"https:\/\/keuthmann.net\/wp-content\/uploads\/2019\/11\/Logo_Slogan_RGB_3D.jpg\",\"contentUrl\":\"https:\/\/keuthmann.net\/wp-content\/uploads\/2019\/11\/Logo_Slogan_RGB_3D.jpg\",\"width\":2059,\"height\":500,\"caption\":\"Peter Keuthmann GmbH & Co.KG\"},\"image\":{\"@id\":\"https:\/\/keuthmann.net\/#\/schema\/logo\/image\/\"},\"sameAs\":[\"https:\/\/www.facebook.com\/keuthmannberlin\/\"]}]}<\/script>\n<!-- \/ Yoast SEO plugin. -->","yoast_head_json":{"title":"Service - Keuthmann","robots":{"index":"index","follow":"follow","max-snippet":"max-snippet:-1","max-image-preview":"max-image-preview:large","max-video-preview":"max-video-preview:-1"},"canonical":"https:\/\/keuthmann.net\/?page_id=12128","og_locale":"de_DE","og_type":"article","og_title":"Service - Keuthmann","og_description":"[spb_single_image image=&#8221;12264&#8243; image_size=&#8221;full&#8221; frame=&#8221;noframe&#8221; intro_animation=&#8221;fade-in&#8221; full_width=&#8221;no&#8221; lightbox=&#8221;yes&#8221; link_target=&#8221;_self&#8221; width=&#8221;1\/2&#8243; el_position=&#8221;first&#8221;] [spb_text_block title=&#8221;Frische weltweit, auf Ihre W\u00fcnsche abgestimmt.&#8221; pb_margin_bottom=&#8221;no&#8221; pb_border_bottom=&#8221;no&#8221; width=&#8221;1\/2&#8243; el_position=&#8221;last&#8221;] Frische weltweit, rund um die Uhr, auf Ihre W\u00fcnsche abgestimmt: Wir bei Keuthmann entwickeln aktiv nachhaltige L\u00f6sungen f\u00fcr unsere Kunden. Obst und Gem\u00fcse aus der Region finden Sie bei uns ebenso wie Zitrusfr\u00fcchte und exotische Lebensmittel aus der ganzen [&hellip;]","og_url":"https:\/\/keuthmann.net\/?page_id=12128","og_site_name":"Keuthmann","article_publisher":"https:\/\/www.facebook.com\/keuthmannberlin\/","article_modified_time":"2015-06-08T09:11:24+00:00","twitter_card":"summary_large_image","twitter_misc":{"Gesch\u00e4tzte Lesezeit":"5 Minuten"},"schema":{"@context":"https:\/\/schema.org","@graph":[{"@type":"WebPage","@id":"https:\/\/keuthmann.net\/?page_id=12128","url":"https:\/\/keuthmann.net\/?page_id=12128","name":"Service - Keuthmann","isPartOf":{"@id":"https:\/\/keuthmann.net\/#website"},"datePublished":"2014-09-24T10:44:16+00:00","dateModified":"2015-06-08T09:11:24+00:00","breadcrumb":{"@id":"https:\/\/keuthmann.net\/?page_id=12128#breadcrumb"},"inLanguage":"de-DE","potentialAction":[{"@type":"ReadAction","target":["https:\/\/keuthmann.net\/?page_id=12128"]}]},{"@type":"BreadcrumbList","@id":"https:\/\/keuthmann.net\/?page_id=12128#breadcrumb","itemListElement":[{"@type":"ListItem","position":1,"name":"Startseite","item":"https:\/\/keuthmann.net\/"},{"@type":"ListItem","position":2,"name":"Service"}]},{"@type":"WebSite","@id":"https:\/\/keuthmann.net\/#website","url":"https:\/\/keuthmann.net\/","name":"Keuthmann","description":"Nat\u00fcrlich weltweit frisch","publisher":{"@id":"https:\/\/keuthmann.net\/#organization"},"potentialAction":[{"@type":"SearchAction","target":{"@type":"EntryPoint","urlTemplate":"https:\/\/keuthmann.net\/?s={search_term_string}"},"query-input":"required name=search_term_string"}],"inLanguage":"de-DE"},{"@type":"Organization","@id":"https:\/\/keuthmann.net\/#organization","name":"Peter Keuthmann GmbH & Co.KG","url":"https:\/\/keuthmann.net\/","logo":{"@type":"ImageObject","inLanguage":"de-DE","@id":"https:\/\/keuthmann.net\/#\/schema\/logo\/image\/","url":"https:\/\/keuthmann.net\/wp-content\/uploads\/2019\/11\/Logo_Slogan_RGB_3D.jpg","contentUrl":"https:\/\/keuthmann.net\/wp-content\/uploads\/2019\/11\/Logo_Slogan_RGB_3D.jpg","width":2059,"height":500,"caption":"Peter Keuthmann GmbH & Co.KG"},"image":{"@id":"https:\/\/keuthmann.net\/#\/schema\/logo\/image\/"},"sameAs":["https:\/\/www.facebook.com\/keuthmannberlin\/"]}]}},"_links":{"self":[{"href":"https:\/\/keuthmann.net\/index.php?rest_route=\/wp\/v2\/pages\/12128"}],"collection":[{"href":"https:\/\/keuthmann.net\/index.php?rest_route=\/wp\/v2\/pages"}],"about":[{"href":"https:\/\/keuthmann.net\/index.php?rest_route=\/wp\/v2\/types\/page"}],"author":[{"embeddable":true,"href":"https:\/\/keuthmann.net\/index.php?rest_route=\/wp\/v2\/users\/1"}],"replies":[{"embeddable":true,"href":"https:\/\/keuthmann.net\/index.php?rest_route=%2Fwp%2Fv2%2Fcomments&post=12128"}],"version-history":[{"count":56,"href":"https:\/\/keuthmann.net\/index.php?rest_route=\/wp\/v2\/pages\/12128\/revisions"}],"predecessor-version":[{"id":13130,"href":"https:\/\/keuthmann.net\/index.php?rest_route=\/wp\/v2\/pages\/12128\/revisions\/13130"}],"wp:attachment":[{"href":"https:\/\/keuthmann.net\/index.php?rest_route=%2Fwp%2Fv2%2Fmedia&parent=12128"}],"curies":[{"name":"wp","href":"https:\/\/api.w.org\/{rel}","templated":true}]}}