{"id":12132,"date":"2014-09-24T10:45:15","date_gmt":"2014-09-24T10:45:15","guid":{"rendered":"https:\/\/keuthmann_new.vorschauseite.de\/?page_id=12132"},"modified":"2020-01-17T06:34:10","modified_gmt":"2020-01-17T06:34:10","slug":"profil","status":"publish","type":"page","link":"https:\/\/keuthmann.net\/?page_id=12132","title":{"rendered":"\u00dcber uns"},"content":{"rendered":"[fullwidth_text title=&#8221;Unser Team&#8221; alt_background=&#8221;none&#8221; width=&#8221;1\/1&#8243; el_position=&#8221;first last&#8221;]\n<p>F\u00fcr jeden im Keuthmann-Team gilt die Maxime verantwortungsbewusst zu handeln, sich im Dienste der Kunden und des Unternehmens zu engagieren. Zuverl\u00e4ssigkeit, Offenheit und Eigenverantwortung\u00a0werden bei uns gro\u00df geschrieben. Diese Grunds\u00e4tze pr\u00e4gen nicht nur die t\u00e4gliche Arbeitsatmosph\u00e4re\u00a0sondern spiegeln eine Grundhaltung im Miteinander.<\/p>\n<p>Wir haben allen Grund, stolz zu sein auf unser Team.<\/p>\n[\/fullwidth_text] [spb_single_image image=&#8221;13387&#8243; image_size=&#8221;full&#8221; frame=&#8221;noframe&#8221; intro_animation=&#8221;fade-in&#8221; full_width=&#8221;yes&#8221; lightbox=&#8221;yes&#8221; link_target=&#8221;_self&#8221; width=&#8221;1\/1&#8243; el_position=&#8221;first last&#8221;] [team_carousel category=&#8221;All&#8221; excerpt_length=&#8221;15&#8243; profile_link=&#8221;yes&#8221; width=&#8221;1\/1&#8243; el_position=&#8221;first last&#8221;] [blank_spacer height=&#8221;30px&#8221; width=&#8221;1\/1&#8243; el_position=&#8221;first last&#8221;] [spb_text_block title=&#8221;UNSERE GESCHICHTE&#8221; pb_margin_bottom=&#8221;no&#8221; pb_border_bottom=&#8221;no&#8221; width=&#8221;1\/1&#8243; el_position=&#8221;first last&#8221;]\n<p style=\"text-align: center;\"><strong>1951<br \/>\n<\/strong>Peter Keuthmann gr\u00fcndet eine der ersten Obst- und S\u00fcdfrucht-Gro\u00dfhandlungen in Berlin.<\/p>\n<p style=\"text-align: center;\"><strong>1966<\/strong><br \/>\nUmzug auf den neu gebauten Fruchthof Berlin in der Beusselstra\u00dfe.<br \/>\nKontinuierliche Sortimentserweiterung,<br \/>\nneuer Schwerpunkt sind LEH-Gro\u00dfkunden.<\/p>\n<p style=\"text-align: center;\"><strong>1994<\/strong><br \/>\nPeter Keuthmann geht in den Ruhestand. Die Familie Weihe f\u00fchrt das Unternehmen weiter.<br \/>\nTrennung in Marktgesch\u00e4ft<br \/>\n(Firma Keuthmann) und Lieferservice (Firma Weihe).<\/p>\n<p style=\"text-align: center;\"><strong>2004<\/strong><br \/>\nBj\u00f6rn Weihe \u00fcbernimmt in der 4. Generation die Gesch\u00e4ftsleitung.<\/p>\n<p style=\"text-align: center;\"><strong>2006<\/strong><br \/>\nVergr\u00f6\u00dferung der Verkaufs- und Lagerfl\u00e4chen.<br \/>\nAusbau des Agenturgesch\u00e4fts mit internationalen Foodmarken.<br \/>\nZertifizierung nach EG-\u00d6ko-Verordnung.<\/p>\n<p style=\"text-align: center;\"><strong>2007<\/strong><br \/>\nAufbau einer speziellen Dienstleistungssparte f\u00fcr LEH-Kunden.<\/p>\n<p style=\"text-align: center;\"><strong>2008<\/strong><br \/>\nModernisierung: klimatisierte Verkaufsfl\u00e4chen, l\u00e4ngere \u00d6ffnungszeiten, stark erweitertes<br \/>\nSortiment (Molkerei, Feinkost, Getr\u00e4nke).<br \/>\nErfolgreiche Zertifizierung nach IFS<br \/>\n(International Food Standard) auf h\u00f6herem Niveau!<\/p>\n<p style=\"text-align: center;\"><strong>2012<br \/>\n<\/strong>Zertifizierung nach QS Standard wie erwartet durchgef\u00fchrt.<\/p>\n<p style=\"text-align: center;\"><strong>2013<br \/>\n<\/strong>Erweiterung der B\u00fcror\u00e4ume Einkauf\/Verkauf.<\/p>\n<p style=\"text-align: center;\"><strong>2018<\/strong><\/p>\n<p style=\"text-align: center;\">Schon seit 10 Jahren erfolgreiche IFS Zertifizierung auf h\u00f6herem Niveau<\/p>\n<div style=\"text-align: center;\"><\/div>\n[\/spb_text_block]\n","protected":false},"excerpt":{"rendered":"<p>[fullwidth_text title=&#8221;Unser Team&#8221; alt_background=&#8221;none&#8221; width=&#8221;1\/1&#8243; el_position=&#8221;first last&#8221;] F\u00fcr jeden im Keuthmann-Team gilt die Maxime verantwortungsbewusst zu handeln, sich im Dienste der Kunden und des Unternehmens zu engagieren. Zuverl\u00e4ssigkeit, Offenheit und Eigenverantwortung\u00a0werden bei uns gro\u00df geschrieben. Diese Grunds\u00e4tze pr\u00e4gen nicht nur die t\u00e4gliche Arbeitsatmosph\u00e4re\u00a0sondern spiegeln eine Grundhaltung im Miteinander. Wir haben allen Grund, stolz zu sein auf unser Team. [\/fullwidth_text] [spb_single_image [&hellip;]<\/p>\n","protected":false},"author":1,"featured_media":0,"parent":0,"menu_order":0,"comment_status":"closed","ping_status":"closed","template":"","meta":{"_acf_changed":false,"footnotes":""},"acf":[],"yoast_head":"<!-- This site is optimized with the Yoast SEO plugin v22.4 - https:\/\/yoast.com\/wordpress\/plugins\/seo\/ -->\n<title>\u00dcber uns - Keuthmann<\/title>\n<meta name=\"robots\" content=\"index, follow, max-snippet:-1, max-image-preview:large, max-video-preview:-1\" \/>\n<link rel=\"canonical\" href=\"https:\/\/keuthmann.net\/?page_id=12132\" \/>\n<meta property=\"og:locale\" content=\"de_DE\" \/>\n<meta property=\"og:type\" content=\"article\" \/>\n<meta property=\"og:title\" content=\"\u00dcber uns - Keuthmann\" \/>\n<meta property=\"og:description\" content=\"[fullwidth_text title=&#8221;Unser Team&#8221; alt_background=&#8221;none&#8221; width=&#8221;1\/1&#8243; el_position=&#8221;first last&#8221;] F\u00fcr jeden im Keuthmann-Team gilt die Maxime verantwortungsbewusst zu handeln, sich im Dienste der Kunden und des Unternehmens zu engagieren. Zuverl\u00e4ssigkeit, Offenheit und Eigenverantwortung\u00a0werden bei uns gro\u00df geschrieben. Diese Grunds\u00e4tze pr\u00e4gen nicht nur die t\u00e4gliche Arbeitsatmosph\u00e4re\u00a0sondern spiegeln eine Grundhaltung im Miteinander. Wir haben allen Grund, stolz zu sein auf unser Team. [\/fullwidth_text] [spb_single_image [&hellip;]\" \/>\n<meta property=\"og:url\" content=\"https:\/\/keuthmann.net\/?page_id=12132\" \/>\n<meta property=\"og:site_name\" content=\"Keuthmann\" \/>\n<meta property=\"article:publisher\" content=\"https:\/\/www.facebook.com\/keuthmannberlin\/\" \/>\n<meta property=\"article:modified_time\" content=\"2020-01-17T06:34:10+00:00\" \/>\n<meta name=\"twitter:card\" content=\"summary_large_image\" \/>\n<meta name=\"twitter:label1\" content=\"Gesch\u00e4tzte Lesezeit\" \/>\n\t<meta name=\"twitter:data1\" content=\"1 Minute\" \/>\n<script type=\"application\/ld+json\" class=\"yoast-schema-graph\">{\"@context\":\"https:\/\/schema.org\",\"@graph\":[{\"@type\":\"WebPage\",\"@id\":\"https:\/\/keuthmann.net\/?page_id=12132\",\"url\":\"https:\/\/keuthmann.net\/?page_id=12132\",\"name\":\"\u00dcber uns - Keuthmann\",\"isPartOf\":{\"@id\":\"https:\/\/keuthmann.net\/#website\"},\"datePublished\":\"2014-09-24T10:45:15+00:00\",\"dateModified\":\"2020-01-17T06:34:10+00:00\",\"breadcrumb\":{\"@id\":\"https:\/\/keuthmann.net\/?page_id=12132#breadcrumb\"},\"inLanguage\":\"de-DE\",\"potentialAction\":[{\"@type\":\"ReadAction\",\"target\":[\"https:\/\/keuthmann.net\/?page_id=12132\"]}]},{\"@type\":\"BreadcrumbList\",\"@id\":\"https:\/\/keuthmann.net\/?page_id=12132#breadcrumb\",\"itemListElement\":[{\"@type\":\"ListItem\",\"position\":1,\"name\":\"Startseite\",\"item\":\"https:\/\/keuthmann.net\/\"},{\"@type\":\"ListItem\",\"position\":2,\"name\":\"\u00dcber uns\"}]},{\"@type\":\"WebSite\",\"@id\":\"https:\/\/keuthmann.net\/#website\",\"url\":\"https:\/\/keuthmann.net\/\",\"name\":\"Keuthmann\",\"description\":\"Nat\u00fcrlich weltweit frisch\",\"publisher\":{\"@id\":\"https:\/\/keuthmann.net\/#organization\"},\"potentialAction\":[{\"@type\":\"SearchAction\",\"target\":{\"@type\":\"EntryPoint\",\"urlTemplate\":\"https:\/\/keuthmann.net\/?s={search_term_string}\"},\"query-input\":\"required name=search_term_string\"}],\"inLanguage\":\"de-DE\"},{\"@type\":\"Organization\",\"@id\":\"https:\/\/keuthmann.net\/#organization\",\"name\":\"Peter Keuthmann GmbH & Co.KG\",\"url\":\"https:\/\/keuthmann.net\/\",\"logo\":{\"@type\":\"ImageObject\",\"inLanguage\":\"de-DE\",\"@id\":\"https:\/\/keuthmann.net\/#\/schema\/logo\/image\/\",\"url\":\"https:\/\/keuthmann.net\/wp-content\/uploads\/2019\/11\/Logo_Slogan_RGB_3D.jpg\",\"contentUrl\":\"https:\/\/keuthmann.net\/wp-content\/uploads\/2019\/11\/Logo_Slogan_RGB_3D.jpg\",\"width\":2059,\"height\":500,\"caption\":\"Peter Keuthmann GmbH & Co.KG\"},\"image\":{\"@id\":\"https:\/\/keuthmann.net\/#\/schema\/logo\/image\/\"},\"sameAs\":[\"https:\/\/www.facebook.com\/keuthmannberlin\/\"]}]}<\/script>\n<!-- \/ Yoast SEO plugin. -->","yoast_head_json":{"title":"\u00dcber uns - Keuthmann","robots":{"index":"index","follow":"follow","max-snippet":"max-snippet:-1","max-image-preview":"max-image-preview:large","max-video-preview":"max-video-preview:-1"},"canonical":"https:\/\/keuthmann.net\/?page_id=12132","og_locale":"de_DE","og_type":"article","og_title":"\u00dcber uns - Keuthmann","og_description":"[fullwidth_text title=&#8221;Unser Team&#8221; alt_background=&#8221;none&#8221; width=&#8221;1\/1&#8243; el_position=&#8221;first last&#8221;] F\u00fcr jeden im Keuthmann-Team gilt die Maxime verantwortungsbewusst zu handeln, sich im Dienste der Kunden und des Unternehmens zu engagieren. Zuverl\u00e4ssigkeit, Offenheit und Eigenverantwortung\u00a0werden bei uns gro\u00df geschrieben. Diese Grunds\u00e4tze pr\u00e4gen nicht nur die t\u00e4gliche Arbeitsatmosph\u00e4re\u00a0sondern spiegeln eine Grundhaltung im Miteinander. Wir haben allen Grund, stolz zu sein auf unser Team. [\/fullwidth_text] [spb_single_image [&hellip;]","og_url":"https:\/\/keuthmann.net\/?page_id=12132","og_site_name":"Keuthmann","article_publisher":"https:\/\/www.facebook.com\/keuthmannberlin\/","article_modified_time":"2020-01-17T06:34:10+00:00","twitter_card":"summary_large_image","twitter_misc":{"Gesch\u00e4tzte Lesezeit":"1 Minute"},"schema":{"@context":"https:\/\/schema.org","@graph":[{"@type":"WebPage","@id":"https:\/\/keuthmann.net\/?page_id=12132","url":"https:\/\/keuthmann.net\/?page_id=12132","name":"\u00dcber uns - Keuthmann","isPartOf":{"@id":"https:\/\/keuthmann.net\/#website"},"datePublished":"2014-09-24T10:45:15+00:00","dateModified":"2020-01-17T06:34:10+00:00","breadcrumb":{"@id":"https:\/\/keuthmann.net\/?page_id=12132#breadcrumb"},"inLanguage":"de-DE","potentialAction":[{"@type":"ReadAction","target":["https:\/\/keuthmann.net\/?page_id=12132"]}]},{"@type":"BreadcrumbList","@id":"https:\/\/keuthmann.net\/?page_id=12132#breadcrumb","itemListElement":[{"@type":"ListItem","position":1,"name":"Startseite","item":"https:\/\/keuthmann.net\/"},{"@type":"ListItem","position":2,"name":"\u00dcber uns"}]},{"@type":"WebSite","@id":"https:\/\/keuthmann.net\/#website","url":"https:\/\/keuthmann.net\/","name":"Keuthmann","description":"Nat\u00fcrlich weltweit frisch","publisher":{"@id":"https:\/\/keuthmann.net\/#organization"},"potentialAction":[{"@type":"SearchAction","target":{"@type":"EntryPoint","urlTemplate":"https:\/\/keuthmann.net\/?s={search_term_string}"},"query-input":"required name=search_term_string"}],"inLanguage":"de-DE"},{"@type":"Organization","@id":"https:\/\/keuthmann.net\/#organization","name":"Peter Keuthmann GmbH & Co.KG","url":"https:\/\/keuthmann.net\/","logo":{"@type":"ImageObject","inLanguage":"de-DE","@id":"https:\/\/keuthmann.net\/#\/schema\/logo\/image\/","url":"https:\/\/keuthmann.net\/wp-content\/uploads\/2019\/11\/Logo_Slogan_RGB_3D.jpg","contentUrl":"https:\/\/keuthmann.net\/wp-content\/uploads\/2019\/11\/Logo_Slogan_RGB_3D.jpg","width":2059,"height":500,"caption":"Peter Keuthmann GmbH & Co.KG"},"image":{"@id":"https:\/\/keuthmann.net\/#\/schema\/logo\/image\/"},"sameAs":["https:\/\/www.facebook.com\/keuthmannberlin\/"]}]}},"_links":{"self":[{"href":"https:\/\/keuthmann.net\/index.php?rest_route=\/wp\/v2\/pages\/12132"}],"collection":[{"href":"https:\/\/keuthmann.net\/index.php?rest_route=\/wp\/v2\/pages"}],"about":[{"href":"https:\/\/keuthmann.net\/index.php?rest_route=\/wp\/v2\/types\/page"}],"author":[{"embeddable":true,"href":"https:\/\/keuthmann.net\/index.php?rest_route=\/wp\/v2\/users\/1"}],"replies":[{"embeddable":true,"href":"https:\/\/keuthmann.net\/index.php?rest_route=%2Fwp%2Fv2%2Fcomments&post=12132"}],"version-history":[{"count":41,"href":"https:\/\/keuthmann.net\/index.php?rest_route=\/wp\/v2\/pages\/12132\/revisions"}],"predecessor-version":[{"id":13922,"href":"https:\/\/keuthmann.net\/index.php?rest_route=\/wp\/v2\/pages\/12132\/revisions\/13922"}],"wp:attachment":[{"href":"https:\/\/keuthmann.net\/index.php?rest_route=%2Fwp%2Fv2%2Fmedia&parent=12132"}],"curies":[{"name":"wp","href":"https:\/\/api.w.org\/{rel}","templated":true}]}}