{"id":12172,"date":"2014-09-24T17:59:39","date_gmt":"2014-09-24T17:59:39","guid":{"rendered":"https:\/\/keuthmann_new.vorschauseite.de\/?page_id=12172"},"modified":"2022-05-06T05:28:50","modified_gmt":"2022-05-06T07:28:50","slug":"impressum","status":"publish","type":"page","link":"https:\/\/keuthmann.net\/?page_id=12172","title":{"rendered":"Impressum"},"content":{"rendered":"[blank_spacer height=&#8221;60px&#8221; width=&#8221;1\/1&#8243; el_position=&#8221;first last&#8221;] [spb_text_block pb_margin_bottom=&#8221;no&#8221; pb_border_bottom=&#8221;no&#8221; width=&#8221;1\/2&#8243; el_position=&#8221;first&#8221;]\n<div id=\"tobit_plaintext\">\n<p><strong>Impressum<\/strong><\/p>\n<p>Peter Keuthmann GmbH &amp; Co. KG<br \/>\nBeusselstra\u00dfe 44 N-Q<br \/>\n10553 Berlin-Fruchthof<\/p>\n<p>Tel: \u00a0+49 (0)30 39 40 99-0<br \/>\nFax:\u00a0+49 (0)30 39 40 99-250<br \/>\nE-Mail: info@keuthmann.net<\/p>\n<p>USt.-Id: DE 1855 280 50<br \/>\nRegistergericht: Amtsgericht Berlin-Charlottenburg<br \/>\nRegisternummer: HRA 27605 A<\/p>\n<p>vertreten durch die pers\u00f6nlich haftende Gesellschafterin:<\/p>\n<p>Peter Keuthmann Verwaltungs GmbH<br \/>\nBeusselstra\u00dfe 44 N-Q<br \/>\n10553 Berlin-Fruchthof<\/p>\n<p>diese vertreten durch die Gesch\u00e4ftsf\u00fchrer:<br \/>\nBj\u00f6rn Weihe und Andreas Lange<\/p>\n<p>Registergericht: Amtsgericht Berlin-Charlottenburg<br \/>\nRegisternummer: HRB 59978 B<br \/>\nZust\u00e4ndige Aufsichtsbeh\u00f6rde: Bezirksamt Berlin-Mitte<\/p>\n<\/div>\n<p>Inhaltlich Verantwortlicher gem\u00e4\u00df \u00a7 6 MDStV:<br \/>\nBj\u00f6rn Weihe und Andreas Lange<\/p>\n<p>Bildnachweis: Keuthmann, XXX, Shutterstock<\/p>\n[\/spb_text_block] [spb_text_block pb_margin_bottom=&#8221;no&#8221; pb_border_bottom=&#8221;no&#8221; width=&#8221;1\/2&#8243; el_position=&#8221;last&#8221;]\n<h3>Kontaktdetails:<\/h3>\n<p>Email: info@keuthmann.net<a href=\"#\" target=\"_blank\" rel=\"noopener noreferrer\"><br \/>\n<\/a>Internet: http:\/\/www.keuthmann.net<br \/>\nTel: \u00a0+49 (0)30 39 40 99 &#8211; 0<br \/>\nFax:\u00a0+49 (0)30 39 40 99 &#8211; 250<\/p>\n<h3><\/h3>\n[\/spb_text_block] [spb_text_block pb_margin_bottom=&#8221;no&#8221; pb_border_bottom=&#8221;no&#8221; width=&#8221;1\/1&#8243; el_position=&#8221;first last&#8221;]\n<h3>Copyright<\/h3>\n<p>Alle Rechte vorbehalten. Texte, Bilder und Illustrationen unterliegen dem Schutz des Urheberrechts und anderer Schutzgesetze. Der Inhalt dieser Internet-Anwendung darf nicht zu kommerziellen Zwecken kopiert, verbreitet, ver\u00e4ndert oder Dritten zug\u00e4nglich gemacht werden. Soweit nicht anders angegeben, sind alle Markenzeichen markenrechtlich gesch\u00fctzt. Dies gilt insbesondere f\u00fcr das Firmenlogo.<\/p>\n<h3>Links<\/h3>\n<p>Mit Urteil vom 12. Mai 1998 hat das Landgericht Hamburg entschieden, dass Homepage-Betreiber durch die Angabe eines Links die Inhalte der gelinkten Seite ggf. mitzuverantworten haben. Dies kann &#8211; so das Landgericht &#8211; nur dadurch verhindert werden, indem man sich ausdr\u00fccklich von diesen Inhalten distanziert. Wir haben auf dieser Seite Links zu anderen Seiten im Internet gelegt. Im Zusammenhang mit s\u00e4mtlichen Links m\u00f6chten wir ausdr\u00fccklich betonen, dass wir keinerlei Einfluss auf die Gestaltung und die Inhalte der gelinkten Seiten haben. Deshalb distanzieren wir uns hiermit ausdr\u00fccklich von den Inhalten aller auf dieser Homepage gelinkten Seiten und machen uns deren Inhalte nicht zu Eigen. Diese Erkl\u00e4rung gilt f\u00fcr s\u00e4mtliche auf unserer Homepage angebrachten Links.<\/p>\n<h3>Haftungsausschluss<\/h3>\n<p>Wir haben die aufgef\u00fchrten Inhalte mit gro\u00dfer Sorgfalt zusammengestellt und gepr\u00fcft. Allerdings \u00fcbernehmen wir keine Gew\u00e4hr f\u00fcr die Vollst\u00e4ndigkeit oder Aktualit\u00e4t. F\u00fcr externe Inhalte, auf die wir hinweisen, sind wir nicht verantwortlich.<\/p>\n<p>&nbsp;<\/p>\n[\/spb_text_block] [blank_spacer height=&#8221;31px&#8221; width=&#8221;1\/1&#8243; el_position=&#8221;first last&#8221;]\n","protected":false},"excerpt":{"rendered":"<p>[blank_spacer height=&#8221;60px&#8221; width=&#8221;1\/1&#8243; el_position=&#8221;first last&#8221;] [spb_text_block pb_margin_bottom=&#8221;no&#8221; pb_border_bottom=&#8221;no&#8221; width=&#8221;1\/2&#8243; el_position=&#8221;first&#8221;] Impressum Peter Keuthmann GmbH &amp; Co. KG Beusselstra\u00dfe 44 N-Q 10553 Berlin-Fruchthof Tel: \u00a0+49 (0)30 39 40 99-0 Fax:\u00a0+49 (0)30 39 40 99-250 E-Mail: info@keuthmann.net USt.-Id: DE 1855 280 50 Registergericht: Amtsgericht Berlin-Charlottenburg Registernummer: HRA 27605 A vertreten durch die pers\u00f6nlich haftende Gesellschafterin: Peter Keuthmann Verwaltungs GmbH Beusselstra\u00dfe 44 N-Q [&hellip;]<\/p>\n","protected":false},"author":1,"featured_media":0,"parent":0,"menu_order":0,"comment_status":"closed","ping_status":"closed","template":"","meta":{"_acf_changed":false,"footnotes":""},"acf":[],"yoast_head":"<!-- This site is optimized with the Yoast SEO plugin v22.4 - https:\/\/yoast.com\/wordpress\/plugins\/seo\/ -->\n<title>Impressum - Peter Keuthmann GmbH Berlin Impressum<\/title>\n<meta name=\"description\" content=\"Impressum Peter Keuthmann GmbH &amp; Co. KG Beusselstra\u00dfe 44 N-Q10553 Berlin Tel: +49 (0)30 39 40 99-0Fax: +49 (0)30 39 40 99-250E-Mail: info@keuthmann.net\" \/>\n<meta name=\"robots\" content=\"index, follow, max-snippet:-1, max-image-preview:large, max-video-preview:-1\" \/>\n<link rel=\"canonical\" href=\"https:\/\/keuthmann.net\/?page_id=12172\" \/>\n<meta property=\"og:locale\" content=\"de_DE\" \/>\n<meta property=\"og:type\" content=\"article\" \/>\n<meta property=\"og:title\" content=\"Impressum - Peter Keuthmann GmbH Berlin Impressum\" \/>\n<meta property=\"og:description\" content=\"Impressum Peter Keuthmann GmbH &amp; Co. KG Beusselstra\u00dfe 44 N-Q10553 Berlin Tel: +49 (0)30 39 40 99-0Fax: +49 (0)30 39 40 99-250E-Mail: info@keuthmann.net\" \/>\n<meta property=\"og:url\" content=\"https:\/\/keuthmann.net\/?page_id=12172\" \/>\n<meta property=\"og:site_name\" content=\"Keuthmann\" \/>\n<meta property=\"article:publisher\" content=\"https:\/\/www.facebook.com\/keuthmannberlin\/\" \/>\n<meta property=\"article:modified_time\" content=\"2022-05-06T07:28:50+00:00\" \/>\n<meta name=\"twitter:card\" content=\"summary_large_image\" \/>\n<meta name=\"twitter:label1\" content=\"Gesch\u00e4tzte Lesezeit\" \/>\n\t<meta name=\"twitter:data1\" content=\"2 Minuten\" \/>\n<script type=\"application\/ld+json\" class=\"yoast-schema-graph\">{\"@context\":\"https:\/\/schema.org\",\"@graph\":[{\"@type\":\"WebPage\",\"@id\":\"https:\/\/keuthmann.net\/?page_id=12172\",\"url\":\"https:\/\/keuthmann.net\/?page_id=12172\",\"name\":\"Impressum - Peter Keuthmann GmbH Berlin Impressum\",\"isPartOf\":{\"@id\":\"https:\/\/keuthmann.net\/#website\"},\"datePublished\":\"2014-09-24T17:59:39+00:00\",\"dateModified\":\"2022-05-06T07:28:50+00:00\",\"description\":\"Impressum Peter Keuthmann GmbH & Co. KG Beusselstra\u00dfe 44 N-Q10553 Berlin Tel: +49 (0)30 39 40 99-0Fax: +49 (0)30 39 40 99-250E-Mail: info@keuthmann.net\",\"breadcrumb\":{\"@id\":\"https:\/\/keuthmann.net\/?page_id=12172#breadcrumb\"},\"inLanguage\":\"de-DE\",\"potentialAction\":[{\"@type\":\"ReadAction\",\"target\":[\"https:\/\/keuthmann.net\/?page_id=12172\"]}]},{\"@type\":\"BreadcrumbList\",\"@id\":\"https:\/\/keuthmann.net\/?page_id=12172#breadcrumb\",\"itemListElement\":[{\"@type\":\"ListItem\",\"position\":1,\"name\":\"Startseite\",\"item\":\"https:\/\/keuthmann.net\/\"},{\"@type\":\"ListItem\",\"position\":2,\"name\":\"Impressum\"}]},{\"@type\":\"WebSite\",\"@id\":\"https:\/\/keuthmann.net\/#website\",\"url\":\"https:\/\/keuthmann.net\/\",\"name\":\"Keuthmann\",\"description\":\"Nat\u00fcrlich weltweit frisch\",\"publisher\":{\"@id\":\"https:\/\/keuthmann.net\/#organization\"},\"potentialAction\":[{\"@type\":\"SearchAction\",\"target\":{\"@type\":\"EntryPoint\",\"urlTemplate\":\"https:\/\/keuthmann.net\/?s={search_term_string}\"},\"query-input\":\"required name=search_term_string\"}],\"inLanguage\":\"de-DE\"},{\"@type\":\"Organization\",\"@id\":\"https:\/\/keuthmann.net\/#organization\",\"name\":\"Peter Keuthmann GmbH & Co.KG\",\"url\":\"https:\/\/keuthmann.net\/\",\"logo\":{\"@type\":\"ImageObject\",\"inLanguage\":\"de-DE\",\"@id\":\"https:\/\/keuthmann.net\/#\/schema\/logo\/image\/\",\"url\":\"https:\/\/keuthmann.net\/wp-content\/uploads\/2019\/11\/Logo_Slogan_RGB_3D.jpg\",\"contentUrl\":\"https:\/\/keuthmann.net\/wp-content\/uploads\/2019\/11\/Logo_Slogan_RGB_3D.jpg\",\"width\":2059,\"height\":500,\"caption\":\"Peter Keuthmann GmbH & Co.KG\"},\"image\":{\"@id\":\"https:\/\/keuthmann.net\/#\/schema\/logo\/image\/\"},\"sameAs\":[\"https:\/\/www.facebook.com\/keuthmannberlin\/\"]}]}<\/script>\n<!-- \/ Yoast SEO plugin. -->","yoast_head_json":{"title":"Impressum - Peter Keuthmann GmbH Berlin Impressum","description":"Impressum Peter Keuthmann GmbH & Co. KG Beusselstra\u00dfe 44 N-Q10553 Berlin Tel: +49 (0)30 39 40 99-0Fax: +49 (0)30 39 40 99-250E-Mail: info@keuthmann.net","robots":{"index":"index","follow":"follow","max-snippet":"max-snippet:-1","max-image-preview":"max-image-preview:large","max-video-preview":"max-video-preview:-1"},"canonical":"https:\/\/keuthmann.net\/?page_id=12172","og_locale":"de_DE","og_type":"article","og_title":"Impressum - Peter Keuthmann GmbH Berlin Impressum","og_description":"Impressum Peter Keuthmann GmbH & Co. KG Beusselstra\u00dfe 44 N-Q10553 Berlin Tel: +49 (0)30 39 40 99-0Fax: +49 (0)30 39 40 99-250E-Mail: info@keuthmann.net","og_url":"https:\/\/keuthmann.net\/?page_id=12172","og_site_name":"Keuthmann","article_publisher":"https:\/\/www.facebook.com\/keuthmannberlin\/","article_modified_time":"2022-05-06T07:28:50+00:00","twitter_card":"summary_large_image","twitter_misc":{"Gesch\u00e4tzte Lesezeit":"2 Minuten"},"schema":{"@context":"https:\/\/schema.org","@graph":[{"@type":"WebPage","@id":"https:\/\/keuthmann.net\/?page_id=12172","url":"https:\/\/keuthmann.net\/?page_id=12172","name":"Impressum - Peter Keuthmann GmbH Berlin Impressum","isPartOf":{"@id":"https:\/\/keuthmann.net\/#website"},"datePublished":"2014-09-24T17:59:39+00:00","dateModified":"2022-05-06T07:28:50+00:00","description":"Impressum Peter Keuthmann GmbH & Co. KG Beusselstra\u00dfe 44 N-Q10553 Berlin Tel: +49 (0)30 39 40 99-0Fax: +49 (0)30 39 40 99-250E-Mail: info@keuthmann.net","breadcrumb":{"@id":"https:\/\/keuthmann.net\/?page_id=12172#breadcrumb"},"inLanguage":"de-DE","potentialAction":[{"@type":"ReadAction","target":["https:\/\/keuthmann.net\/?page_id=12172"]}]},{"@type":"BreadcrumbList","@id":"https:\/\/keuthmann.net\/?page_id=12172#breadcrumb","itemListElement":[{"@type":"ListItem","position":1,"name":"Startseite","item":"https:\/\/keuthmann.net\/"},{"@type":"ListItem","position":2,"name":"Impressum"}]},{"@type":"WebSite","@id":"https:\/\/keuthmann.net\/#website","url":"https:\/\/keuthmann.net\/","name":"Keuthmann","description":"Nat\u00fcrlich weltweit frisch","publisher":{"@id":"https:\/\/keuthmann.net\/#organization"},"potentialAction":[{"@type":"SearchAction","target":{"@type":"EntryPoint","urlTemplate":"https:\/\/keuthmann.net\/?s={search_term_string}"},"query-input":"required name=search_term_string"}],"inLanguage":"de-DE"},{"@type":"Organization","@id":"https:\/\/keuthmann.net\/#organization","name":"Peter Keuthmann GmbH & Co.KG","url":"https:\/\/keuthmann.net\/","logo":{"@type":"ImageObject","inLanguage":"de-DE","@id":"https:\/\/keuthmann.net\/#\/schema\/logo\/image\/","url":"https:\/\/keuthmann.net\/wp-content\/uploads\/2019\/11\/Logo_Slogan_RGB_3D.jpg","contentUrl":"https:\/\/keuthmann.net\/wp-content\/uploads\/2019\/11\/Logo_Slogan_RGB_3D.jpg","width":2059,"height":500,"caption":"Peter Keuthmann GmbH & Co.KG"},"image":{"@id":"https:\/\/keuthmann.net\/#\/schema\/logo\/image\/"},"sameAs":["https:\/\/www.facebook.com\/keuthmannberlin\/"]}]}},"_links":{"self":[{"href":"https:\/\/keuthmann.net\/index.php?rest_route=\/wp\/v2\/pages\/12172"}],"collection":[{"href":"https:\/\/keuthmann.net\/index.php?rest_route=\/wp\/v2\/pages"}],"about":[{"href":"https:\/\/keuthmann.net\/index.php?rest_route=\/wp\/v2\/types\/page"}],"author":[{"embeddable":true,"href":"https:\/\/keuthmann.net\/index.php?rest_route=\/wp\/v2\/users\/1"}],"replies":[{"embeddable":true,"href":"https:\/\/keuthmann.net\/index.php?rest_route=%2Fwp%2Fv2%2Fcomments&post=12172"}],"version-history":[{"count":21,"href":"https:\/\/keuthmann.net\/index.php?rest_route=\/wp\/v2\/pages\/12172\/revisions"}],"predecessor-version":[{"id":14025,"href":"https:\/\/keuthmann.net\/index.php?rest_route=\/wp\/v2\/pages\/12172\/revisions\/14025"}],"wp:attachment":[{"href":"https:\/\/keuthmann.net\/index.php?rest_route=%2Fwp%2Fv2%2Fmedia&parent=12172"}],"curies":[{"name":"wp","href":"https:\/\/api.w.org\/{rel}","templated":true}]}}