{"id":12181,"date":"2014-09-24T18:04:46","date_gmt":"2014-09-24T18:04:46","guid":{"rendered":"https:\/\/keuthmann_new.vorschauseite.de\/?page_id=12181"},"modified":"2025-04-10T11:09:57","modified_gmt":"2025-04-10T09:09:57","slug":"jobs","status":"publish","type":"page","link":"https:\/\/keuthmann.net\/?page_id=12181","title":{"rendered":"Jobs"},"content":{"rendered":"[boxed_content type=&#8221;whitestroke&#8221; pb_margin_bottom=&#8221;no&#8221; width=&#8221;1\/1&#8243; el_position=&#8221;first last&#8221;]\n<p>Jobs gesucht? Werden Sie\u00a0\u00a0Teil unseres Frischeteams!<\/p>\n<p>Als mittelst\u00e4ndisches Unternehmen im Gro\u00df- und Au\u00dfenhandel ist die Peter Keuthmann GmbH seit \u00fcber 60 Jahren gewachsen und etabliert. Der Handel mit Frischeprodukten l\u00e4sst uns in der Welt zu Hause sein. Wir\u00a0\u00a0freuen uns, wenn Sie mit uns weiter Erfolgsgeschichte schreiben und bieten Ihnen spannende, interessante und abwechslungsreiche Aufgaben.<\/p>\n<p>Unser kreatives und dynamisches Team arbeitet partnerschaftlich zusammen, ist orientiert an langfristigen Planungen und hoher Qualit\u00e4t und braucht Sie zur Unterst\u00fctzung. Schicken Sie uns einfach Ihre Initiativbewerbung oder bewerben sich direkt auf einen unserer Jobs in den aktuellen Stellenausschreibungen.<\/p>\n<p><a href=\"https:\/\/keuthmann.net\/wp-content\/uploads\/2021\/07\/Stellenanzeige-Studentische-Aushilfskraft-Jul-2021.pdf\"><strong>Studentenjob &#8211; Obstkorbkommissionierung<\/strong><\/a><\/p>\n<p><a href=\"https:\/\/keuthmann.net\/wp-content\/uploads\/2022\/06\/Fach-Lageristin.pdf\"><strong>Fach-Lagerist(in)<\/strong><\/a><\/p>\n<p><a href=\"https:\/\/keuthmann.net\/wp-content\/uploads\/2013\/10\/Stellenausschreibung-Einkauf-2025.pdf\"><strong>Eink\u00e4ufer\/in f\u00fcr Obst und Gem\u00fcse (m\/w\/d)<\/strong><\/a><\/p>\n<p><a href=\"https:\/\/keuthmann.net\/wp-content\/uploads\/2013\/10\/Stellenausschreibung-Vertriebsinnendienst-2024.pdf\"><strong>Vertrieb \/ Sales Manager \u2013 Lebensmittel Obst &amp; Gem\u00fcse im Innendienst (m\/w\/d) <\/strong><\/a><\/p>\n<p>Sind Sie neugierig auf uns geworden und haben wir Ihr Interesse geweckt?\u00a0Dann freuen wir uns auf Ihre aussagef\u00e4hige schriftliche Bewerbung unter Angabe Ihres fr\u00fchestm\u00f6glichen Eintrittstermins und Ihrer Gehaltsvorstellung per\u00a0<a href=\"mailto:bewerbung@keuthmann.net\">E-Mail<\/a>\u00a0oder Post: <strong>bewerbung@keuthmann.net<\/strong><\/p>\n<p>&nbsp;<\/p>\n[\/boxed_content] [spb_single_image image=&#8221;12290&#8243; image_size=&#8221;full&#8221; frame=&#8221;noframe&#8221; intro_animation=&#8221;none&#8221; full_width=&#8221;no&#8221; lightbox=&#8221;yes&#8221; link_target=&#8221;_self&#8221; width=&#8221;1\/1&#8243; el_position=&#8221;first last&#8221;]\n","protected":false},"excerpt":{"rendered":"<p>[boxed_content type=&#8221;whitestroke&#8221; pb_margin_bottom=&#8221;no&#8221; width=&#8221;1\/1&#8243; el_position=&#8221;first last&#8221;] Jobs gesucht? Werden Sie\u00a0\u00a0Teil unseres Frischeteams! Als mittelst\u00e4ndisches Unternehmen im Gro\u00df- und Au\u00dfenhandel ist die Peter Keuthmann GmbH seit \u00fcber 60 Jahren gewachsen und etabliert. Der Handel mit Frischeprodukten l\u00e4sst uns in der Welt zu Hause sein. Wir\u00a0\u00a0freuen uns, wenn Sie mit uns weiter Erfolgsgeschichte schreiben und bieten Ihnen spannende, interessante und abwechslungsreiche Aufgaben. [&hellip;]<\/p>\n","protected":false},"author":1,"featured_media":0,"parent":0,"menu_order":0,"comment_status":"closed","ping_status":"closed","template":"","meta":{"_acf_changed":false,"footnotes":""},"acf":[],"yoast_head":"<!-- This site is optimized with the Yoast SEO plugin v22.4 - https:\/\/yoast.com\/wordpress\/plugins\/seo\/ -->\n<title>Jobs Gro\u00df- und Au\u00dfenhandel Berlin - Peter Keuthmann GmbH<\/title>\n<meta name=\"description\" content=\"Jobs im Gro\u00df- und Au\u00dfenhandel f\u00fcr Obst und Gem\u00fcse gesucht? In dieser Branche ist die Peter Keuthmann GmbH mit Sitz in Berlin etabliert.\" \/>\n<meta name=\"robots\" content=\"index, follow, max-snippet:-1, max-image-preview:large, max-video-preview:-1\" \/>\n<link rel=\"canonical\" href=\"https:\/\/keuthmann.net\/?page_id=12181\" \/>\n<meta property=\"og:locale\" content=\"de_DE\" \/>\n<meta property=\"og:type\" content=\"article\" \/>\n<meta property=\"og:title\" content=\"Jobs Gro\u00df- und Au\u00dfenhandel Berlin - Peter Keuthmann GmbH\" \/>\n<meta property=\"og:description\" content=\"Jobs im Gro\u00df- und Au\u00dfenhandel f\u00fcr Obst und Gem\u00fcse gesucht? In dieser Branche ist die Peter Keuthmann GmbH mit Sitz in Berlin etabliert.\" \/>\n<meta property=\"og:url\" content=\"https:\/\/keuthmann.net\/?page_id=12181\" \/>\n<meta property=\"og:site_name\" content=\"Keuthmann\" \/>\n<meta property=\"article:publisher\" content=\"https:\/\/www.facebook.com\/keuthmannberlin\/\" \/>\n<meta property=\"article:modified_time\" content=\"2025-04-10T09:09:57+00:00\" \/>\n<meta name=\"twitter:card\" content=\"summary_large_image\" \/>\n<meta name=\"twitter:label1\" content=\"Gesch\u00e4tzte Lesezeit\" \/>\n\t<meta name=\"twitter:data1\" content=\"1 Minute\" \/>\n<script type=\"application\/ld+json\" class=\"yoast-schema-graph\">{\"@context\":\"https:\/\/schema.org\",\"@graph\":[{\"@type\":\"WebPage\",\"@id\":\"https:\/\/keuthmann.net\/?page_id=12181\",\"url\":\"https:\/\/keuthmann.net\/?page_id=12181\",\"name\":\"Jobs Gro\u00df- und Au\u00dfenhandel Berlin - Peter Keuthmann GmbH\",\"isPartOf\":{\"@id\":\"https:\/\/keuthmann.net\/#website\"},\"datePublished\":\"2014-09-24T18:04:46+00:00\",\"dateModified\":\"2025-04-10T09:09:57+00:00\",\"description\":\"Jobs im Gro\u00df- und Au\u00dfenhandel f\u00fcr Obst und Gem\u00fcse gesucht? In dieser Branche ist die Peter Keuthmann GmbH mit Sitz in Berlin etabliert.\",\"breadcrumb\":{\"@id\":\"https:\/\/keuthmann.net\/?page_id=12181#breadcrumb\"},\"inLanguage\":\"de-DE\",\"potentialAction\":[{\"@type\":\"ReadAction\",\"target\":[\"https:\/\/keuthmann.net\/?page_id=12181\"]}]},{\"@type\":\"BreadcrumbList\",\"@id\":\"https:\/\/keuthmann.net\/?page_id=12181#breadcrumb\",\"itemListElement\":[{\"@type\":\"ListItem\",\"position\":1,\"name\":\"Startseite\",\"item\":\"https:\/\/keuthmann.net\/\"},{\"@type\":\"ListItem\",\"position\":2,\"name\":\"Jobs\"}]},{\"@type\":\"WebSite\",\"@id\":\"https:\/\/keuthmann.net\/#website\",\"url\":\"https:\/\/keuthmann.net\/\",\"name\":\"Keuthmann\",\"description\":\"Nat\u00fcrlich weltweit frisch\",\"publisher\":{\"@id\":\"https:\/\/keuthmann.net\/#organization\"},\"potentialAction\":[{\"@type\":\"SearchAction\",\"target\":{\"@type\":\"EntryPoint\",\"urlTemplate\":\"https:\/\/keuthmann.net\/?s={search_term_string}\"},\"query-input\":\"required name=search_term_string\"}],\"inLanguage\":\"de-DE\"},{\"@type\":\"Organization\",\"@id\":\"https:\/\/keuthmann.net\/#organization\",\"name\":\"Peter Keuthmann GmbH & Co.KG\",\"url\":\"https:\/\/keuthmann.net\/\",\"logo\":{\"@type\":\"ImageObject\",\"inLanguage\":\"de-DE\",\"@id\":\"https:\/\/keuthmann.net\/#\/schema\/logo\/image\/\",\"url\":\"https:\/\/keuthmann.net\/wp-content\/uploads\/2019\/11\/Logo_Slogan_RGB_3D.jpg\",\"contentUrl\":\"https:\/\/keuthmann.net\/wp-content\/uploads\/2019\/11\/Logo_Slogan_RGB_3D.jpg\",\"width\":2059,\"height\":500,\"caption\":\"Peter Keuthmann GmbH & Co.KG\"},\"image\":{\"@id\":\"https:\/\/keuthmann.net\/#\/schema\/logo\/image\/\"},\"sameAs\":[\"https:\/\/www.facebook.com\/keuthmannberlin\/\"]}]}<\/script>\n<!-- \/ Yoast SEO plugin. -->","yoast_head_json":{"title":"Jobs Gro\u00df- und Au\u00dfenhandel Berlin - Peter Keuthmann GmbH","description":"Jobs im Gro\u00df- und Au\u00dfenhandel f\u00fcr Obst und Gem\u00fcse gesucht? In dieser Branche ist die Peter Keuthmann GmbH mit Sitz in Berlin etabliert.","robots":{"index":"index","follow":"follow","max-snippet":"max-snippet:-1","max-image-preview":"max-image-preview:large","max-video-preview":"max-video-preview:-1"},"canonical":"https:\/\/keuthmann.net\/?page_id=12181","og_locale":"de_DE","og_type":"article","og_title":"Jobs Gro\u00df- und Au\u00dfenhandel Berlin - Peter Keuthmann GmbH","og_description":"Jobs im Gro\u00df- und Au\u00dfenhandel f\u00fcr Obst und Gem\u00fcse gesucht? In dieser Branche ist die Peter Keuthmann GmbH mit Sitz in Berlin etabliert.","og_url":"https:\/\/keuthmann.net\/?page_id=12181","og_site_name":"Keuthmann","article_publisher":"https:\/\/www.facebook.com\/keuthmannberlin\/","article_modified_time":"2025-04-10T09:09:57+00:00","twitter_card":"summary_large_image","twitter_misc":{"Gesch\u00e4tzte Lesezeit":"1 Minute"},"schema":{"@context":"https:\/\/schema.org","@graph":[{"@type":"WebPage","@id":"https:\/\/keuthmann.net\/?page_id=12181","url":"https:\/\/keuthmann.net\/?page_id=12181","name":"Jobs Gro\u00df- und Au\u00dfenhandel Berlin - Peter Keuthmann GmbH","isPartOf":{"@id":"https:\/\/keuthmann.net\/#website"},"datePublished":"2014-09-24T18:04:46+00:00","dateModified":"2025-04-10T09:09:57+00:00","description":"Jobs im Gro\u00df- und Au\u00dfenhandel f\u00fcr Obst und Gem\u00fcse gesucht? In dieser Branche ist die Peter Keuthmann GmbH mit Sitz in Berlin etabliert.","breadcrumb":{"@id":"https:\/\/keuthmann.net\/?page_id=12181#breadcrumb"},"inLanguage":"de-DE","potentialAction":[{"@type":"ReadAction","target":["https:\/\/keuthmann.net\/?page_id=12181"]}]},{"@type":"BreadcrumbList","@id":"https:\/\/keuthmann.net\/?page_id=12181#breadcrumb","itemListElement":[{"@type":"ListItem","position":1,"name":"Startseite","item":"https:\/\/keuthmann.net\/"},{"@type":"ListItem","position":2,"name":"Jobs"}]},{"@type":"WebSite","@id":"https:\/\/keuthmann.net\/#website","url":"https:\/\/keuthmann.net\/","name":"Keuthmann","description":"Nat\u00fcrlich weltweit frisch","publisher":{"@id":"https:\/\/keuthmann.net\/#organization"},"potentialAction":[{"@type":"SearchAction","target":{"@type":"EntryPoint","urlTemplate":"https:\/\/keuthmann.net\/?s={search_term_string}"},"query-input":"required name=search_term_string"}],"inLanguage":"de-DE"},{"@type":"Organization","@id":"https:\/\/keuthmann.net\/#organization","name":"Peter Keuthmann GmbH & Co.KG","url":"https:\/\/keuthmann.net\/","logo":{"@type":"ImageObject","inLanguage":"de-DE","@id":"https:\/\/keuthmann.net\/#\/schema\/logo\/image\/","url":"https:\/\/keuthmann.net\/wp-content\/uploads\/2019\/11\/Logo_Slogan_RGB_3D.jpg","contentUrl":"https:\/\/keuthmann.net\/wp-content\/uploads\/2019\/11\/Logo_Slogan_RGB_3D.jpg","width":2059,"height":500,"caption":"Peter Keuthmann GmbH & Co.KG"},"image":{"@id":"https:\/\/keuthmann.net\/#\/schema\/logo\/image\/"},"sameAs":["https:\/\/www.facebook.com\/keuthmannberlin\/"]}]}},"_links":{"self":[{"href":"https:\/\/keuthmann.net\/index.php?rest_route=\/wp\/v2\/pages\/12181"}],"collection":[{"href":"https:\/\/keuthmann.net\/index.php?rest_route=\/wp\/v2\/pages"}],"about":[{"href":"https:\/\/keuthmann.net\/index.php?rest_route=\/wp\/v2\/types\/page"}],"author":[{"embeddable":true,"href":"https:\/\/keuthmann.net\/index.php?rest_route=\/wp\/v2\/users\/1"}],"replies":[{"embeddable":true,"href":"https:\/\/keuthmann.net\/index.php?rest_route=%2Fwp%2Fv2%2Fcomments&post=12181"}],"version-history":[{"count":45,"href":"https:\/\/keuthmann.net\/index.php?rest_route=\/wp\/v2\/pages\/12181\/revisions"}],"predecessor-version":[{"id":14146,"href":"https:\/\/keuthmann.net\/index.php?rest_route=\/wp\/v2\/pages\/12181\/revisions\/14146"}],"wp:attachment":[{"href":"https:\/\/keuthmann.net\/index.php?rest_route=%2Fwp%2Fv2%2Fmedia&parent=12181"}],"curies":[{"name":"wp","href":"https:\/\/api.w.org\/{rel}","templated":true}]}}