{"id":7606,"date":"2013-03-09T05:01:39","date_gmt":"2013-03-09T05:01:39","guid":{"rendered":"http:\/\/themes.swiftpsd.com\/test\/flexform\/?page_id=7606"},"modified":"2023-01-25T12:09:19","modified_gmt":"2023-01-25T12:09:19","slug":"home","status":"publish","type":"page","link":"https:\/\/keuthmann.net\/","title":{"rendered":"Homepage"},"content":{"rendered":"[blank_spacer height=&#8221;70px&#8221; width=&#8221;1\/1&#8243; el_position=&#8221;first last&#8221;] [spb_column width=&#8221;1\/2&#8243; el_position=&#8221;first&#8221;] [spb_single_image image=&#8221;13094&#8243; image_size=&#8221;full&#8221; frame=&#8221;noframe&#8221; intro_animation=&#8221;none&#8221; full_width=&#8221;no&#8221; lightbox=&#8221;yes&#8221; link_target=&#8221;_self&#8221; width=&#8221;1\/1&#8243; el_position=&#8221;first last&#8221;] [\/spb_column] [spb_column width=&#8221;1\/2&#8243; el_position=&#8221;last&#8221;] [spb_text_block title=&#8221;\u00dcber uns&#8221; pb_margin_bottom=&#8221;no&#8221; pb_border_bottom=&#8221;no&#8221; width=&#8221;1\/1&#8243; el_position=&#8221;first last&#8221;]\n<h4><span style=\"color: #808080;\">Obst und Gem\u00fcse international. Frische weltweit, rund um die Uhr, sowie auf Ihre W\u00fcnsche abgestimmt. <a href=\"https:\/\/keuthmann.net\/?page_id=12132\">Wir<\/a> bei Keuthmann entwickeln aktiv nachhaltige L\u00f6sungen f\u00fcr unsere Kunden. Vom Caterer, \u00fcber die Gastronomie, den Lebensmitteleinzelhandel bis hin zum Markth\u00e4ndler und dem Onlinehandel sind wir also der richtige Partner. <\/span><\/h4>\n<h4><span style=\"color: #808080;\">Frische Lebensmittel aus der Region finden Sie bei uns ebenso wie Zitrusfr\u00fcchte und auch exotische Sorten aus der ganzen Welt. <\/span><span style=\"color: #808080;\">Wir beziehen unsere Produkte von zertifizierten Erzeugern und Partnern. So erhalten Sie exzellente Qualit\u00e4t. Auch k\u00f6nnen wir somit jederzeit besten Geschmack und Frische garantieren.<\/span><\/h4>\n<h4><span style=\"color: #808080;\">Besuchen Sie au\u00dferdem unseren Abholmarkt im <a href=\"https:\/\/www.fruchthof-berlin.de\/\">Fruchthof Berlin<\/a> oder lassen Sie sich beliefern &#8211; Tag und Nacht, rund um die Uhr per Fax oder E-Mail. Bei uns ist alles jederzeit nat\u00fcrlich frisch.<\/span><\/h4>\n[\/spb_text_block] [\/spb_column] [blank_spacer height=&#8221;30px&#8221; width=&#8221;1\/1&#8243; el_position=&#8221;first last&#8221;] [spb_text_block pb_margin_bottom=&#8221;no&#8221; pb_border_bottom=&#8221;no&#8221; width=&#8221;1\/3&#8243; el_position=&#8221;first&#8221;]\n<div class=\"sf-icon-box sf-icon-box-standard sf-animation sf-icon-standard\" data-animation=\"pop-up\" data-delay=\"600\"><a href=\"https:\/\/keuthmann.net\/?page_id=12126\" target=\"_self\" class=\"linked-icon\"><div class=\"sf-icon-cont cont-small sf-icon-float-none sf-icon-standard\"><i class=\"ss-man sf-icon sf-icon-small\"><\/i><\/div><\/a><div class=\"sf-icon-box-content-wrap clearfix\"><h3><a href=\"https:\/\/keuthmann.net\/?page_id=12126\" target=\"_self\">F\u00fcr Sie entdeckt<\/a><\/h3><div class=\"sf-icon-box-hr sf-icon-standard\"><\/div><div class=\"sf-icon-box-content\">\u00a0Die <a href=\"https:\/\/keuthmann.net\/?page_id=12128\">Keuthmann-Food-Scouts<\/a> sind rund um den Globus f\u00fcr Sie unterwegs. Gemeinsam mit Kunden und <a href=\"https:\/\/keuthmann.net\/?page_id=12134\">Lieferanten<\/a> werden neue Themen entwickelt oder individuelle L\u00f6sungen gestaltet. Vom Mini Pak Choi aus Brandenburg bis zur Riesenerdbeere aus Asien und der Musk Melon aus Japan \u2013 wir sind leidenschaftliche Entdecker.\u00a0<\/div><\/div><\/div>\n[\/spb_text_block] [spb_text_block pb_margin_bottom=&#8221;no&#8221; pb_border_bottom=&#8221;no&#8221; width=&#8221;1\/3&#8243;]\n<div class=\"sf-icon-box sf-icon-box-standard sf-animation sf-icon-\" data-animation=\"pop-up\" data-delay=\"400\"><a href=\"https:\/\/keuthmann.net\/?page_id=12126\" target=\"_self\" class=\"linked-icon\"><div class=\"sf-icon-cont cont-small sf-icon-float-none sf-icon-\"><i class=\"ss-view sf-icon sf-icon-small\"><\/i><\/div><\/a><div class=\"sf-icon-box-content-wrap clearfix\"><h3><a href=\"https:\/\/keuthmann.net\/?page_id=12126\" target=\"_self\">Regional frisch<\/a><\/h3><div class=\"sf-icon-box-hr sf-icon-\"><\/div><div class=\"sf-icon-box-content\"> Saisonale Angebote, regionale Partner: Obst, Gem\u00fcse und Salate erhalten Sie bei uns t\u00e4glich frisch. Zur eigenen Begutachtung in unserem Abholmarkt am <a href=\"https:\/\/www.berliner-grossmarkt-gmbh.de\/\">Berliner Gro\u00dfmarkt\u00a0<\/a>oder geliefert zur Wunschadresse. Eine der modernsten begehbaren K\u00fchlanlagen garantiert zus\u00e4tzlich absolute Frische. <\/div><\/div><\/div>\n[\/spb_text_block] [spb_text_block pb_margin_bottom=&#8221;no&#8221; pb_border_bottom=&#8221;no&#8221; width=&#8221;1\/3&#8243; el_position=&#8221;last&#8221;]\n<div class=\"sf-icon-box sf-icon-box-standard sf-animation sf-icon-\" data-animation=\"pop-up\" data-delay=\"200\"><a href=\"https:\/\/keuthmann.net\/?page_id=12126\" target=\"_self\" class=\"linked-icon\"><div class=\"sf-icon-cont cont-small sf-icon-float-none sf-icon-\"><i class=\"ss-like sf-icon sf-icon-small\"><\/i><\/div><\/a><div class=\"sf-icon-box-content-wrap clearfix\"><h3><a href=\"https:\/\/keuthmann.net\/?page_id=12126\" target=\"_self\">Global direkt<\/a><\/h3><div class=\"sf-icon-box-hr sf-icon-\"><\/div><div class=\"sf-icon-box-content\"> Regelm\u00e4\u00dfig sind wir\u00a0f\u00fcr Sie unterwegs und suchen f\u00fcr Sie die besten Produkte aus den G\u00e4rten der Welt aus. Wir beziehen Zitrusfr\u00fcchte, exotische Kr\u00e4uter, seltene Gem\u00fcsesorten und viele andere Frischeprodukte roh oder verarbeitet vor Ort. Vom Feld direkt zu Ihnen: mehr Frische geht nicht.<\/div><\/div><\/div>\n[\/spb_text_block] [blank_spacer height=&#8221;10px&#8221; width=&#8221;1\/1&#8243; el_position=&#8221;first last&#8221;] [spb_parallax parallax_type=&#8221;image&#8221; bg_image=&#8221;12285&#8243; bg_type=&#8221;cover&#8221; parallax_video_height=&#8221;content-height&#8221; parallax_video_overlay=&#8221;none&#8221; parallax_image_height=&#8221;content-height&#8221; parallax_image_movement=&#8221;stellar&#8221; parallax_image_speed=&#8221;0.5&#8243; padding_horizontal=&#8221;15&#8243; alt_background=&#8221;none&#8221; width=&#8221;1\/1&#8243; el_position=&#8221;first last&#8221;]\n[\/spb_parallax] [blank_spacer height=&#8221;10px&#8221; width=&#8221;1\/1&#8243; el_position=&#8221;first last&#8221;] [spb_column width=&#8221;1\/1&#8243; el_position=&#8221;first last&#8221;] [spb_text_block pb_margin_bottom=&#8221;no&#8221; pb_border_bottom=&#8221;no&#8221; width=&#8221;1\/1&#8243; el_position=&#8221;first last&#8221;]\n<h3 style=\"text-align: center;\">Obst und Gem\u00fcse von den Besten: Unsere Marken.<\/h3>\n<p>Weltweit sind wir f\u00fcr Sie unterwegs. Denn nur so k\u00f6nnen wir zum Einen gemeinsam mit unseren Partnern langfristige Konzepte entwickeln und au\u00dferdem dauerhaft beste Qualit\u00e4t garantieren. Wenn es um Obst, Gem\u00fcse und andere Lebensmittel geht, sind indes Nachhaltigkeit und Frische die wichtigsten Kriterien. Unsere Marken-Partner engagieren sich daher t\u00e4glich f\u00fcr Sie und Ihre Kunden. Ferner lebt die Unternehmensphilosophie bei Keuthmann von Transparenz und Vertrauen.<\/p>\n[\/spb_text_block] [\/spb_column] [portfolio_showcase category=&#8221;All&#8221; item_count=&#8221;4&#8243; alt_background=&#8221;none&#8221; width=&#8221;1\/1&#8243; el_position=&#8221;first last&#8221;] [blank_spacer height=&#8221;20px&#8221; width=&#8221;1\/1&#8243; el_position=&#8221;first last&#8221;] [testimonial_slider title=&#8221;Statements&#8221; text_size=&#8221;large&#8221; item_count=&#8221;6&#8243; order=&#8221;rand&#8221; category=&#8221;keuthmann&#8221; autoplay=&#8221;yes&#8221; alt_background=&#8221;alt-four&#8221; el_class=&#8221;bt0 bb0 mt0&#8243; width=&#8221;1\/1&#8243; el_position=&#8221;first last&#8221;] [spb_text_block pb_margin_bottom=&#8221;no&#8221; pb_border_bottom=&#8221;no&#8221; el_class=&#8221;mt0 pt0&#8243; width=&#8221;1\/4&#8243; el_position=&#8221;first&#8221;]\n<div class=\"sf-icon-box sf-icon-box-animated\"><div class=\"inner\"><div class=\"front\"><i class=\"ss-utensils sf-icon sf-icon-float-none sf-icon-large sf-icon-\"><\/i><div class=\"sf-icon-box-content-wrap clearfix\"><h3>Frisch geerntet<\/h3><\/div><\/div><div class=\"back sf-icon-\"><table><tbody><tr><td><h3>Frisch geerntet<\/h3><div class=\"sf-icon-box-content\"><\/p>\n<p>T\u00e4glich geerntet bringt den besten Geschmack. Ob saisonal, regional oder international; Keuthmann bietet aufgrund seiner Kontakte folglich eine breite Palette an Obst und Gem\u00fcse. Daher bieten wir das komplette Frischespektrum nicht nur dem Lebensmitteleinzelhandel, sondern auch jedem Liebhaber von frischem Obst und Gem\u00fcse.<\/p>\n<p><\/div><\/td><\/tr><\/tbody><\/table><\/div><\/div><\/div>\n[\/spb_text_block] [spb_text_block pb_margin_bottom=&#8221;no&#8221; pb_border_bottom=&#8221;no&#8221; el_class=&#8221;mt0 pt0&#8243; width=&#8221;1\/4&#8243;]\n<div class=\"sf-icon-box sf-icon-box-animated\"><div class=\"inner\"><div class=\"front\"><i class=\"ss-stopwatch sf-icon sf-icon-float-none sf-icon-large sf-icon-\"><\/i><div class=\"sf-icon-box-content-wrap clearfix\"><h3>Kurze Wege<\/h3><\/div><\/div><div class=\"back sf-icon-\"><table><tbody><tr><td><h3>Kurze Wege<\/h3><div class=\"sf-icon-box-content\"><\/p>\n<p>Unsere Produkte werden nicht energieaufw\u00e4ndig und kostenintensiv zwischengelagert. Somit wird Zeit gespart, Frische bewahrt und folglich auch die Belastungen f\u00fcr Umwelt und Mensch reduziert. Gerne liefern wir auch ab Feld direkt zu Ihnen.<\/p>\n<p><\/div><\/td><\/tr><\/tbody><\/table><\/div><\/div><\/div>\n[\/spb_text_block] [spb_text_block pb_margin_bottom=&#8221;no&#8221; pb_border_bottom=&#8221;no&#8221; el_class=&#8221;mt0 pt0&#8243; width=&#8221;1\/4&#8243;]\n<div class=\"sf-icon-box sf-icon-box-animated\"><div class=\"inner\"><div class=\"front\"><i class=\"ss-users sf-icon sf-icon-float-none sf-icon-large sf-icon-\"><\/i><div class=\"sf-icon-box-content-wrap clearfix\"><h3>Schauen Sie selbst<\/h3><\/div><\/div><div class=\"back sf-icon-\"><table><tbody><tr><td><h3>Schauen Sie selbst<\/h3><div class=\"sf-icon-box-content\"><\/p>\n<p>Respekt und Vertrauen, genauso wie Transparenz, sind gerade bei Lebensmitteln besonders wichtig. Daher besuchen Sie bitte auch unsere Pr\u00e4sentationsfl\u00e4chen auf dem Gro\u00dfmarkt Berlin, um sich selbst ein Bild zu machen.<\/p>\n<p><\/div><\/td><\/tr><\/tbody><\/table><\/div><\/div><\/div>\n<p>&nbsp;<\/p>\n[\/spb_text_block] [spb_text_block pb_margin_bottom=&#8221;no&#8221; pb_border_bottom=&#8221;no&#8221; el_class=&#8221;mt0 pt0&#8243; width=&#8221;1\/4&#8243; el_position=&#8221;last&#8221;]\n<div class=\"sf-icon-box sf-icon-box-animated\"><div class=\"inner\"><div class=\"front\"><i class=\"fa-trophy sf-icon sf-icon-float-none sf-icon-large sf-icon-\"><\/i><div class=\"sf-icon-box-content-wrap clearfix\"><h3>Unsere Garantie <\/h3><\/div><\/div><div class=\"back sf-icon-\"><table><tbody><tr><td><h3>Unsere Garantie <\/h3><div class=\"sf-icon-box-content\"><\/p>\n<p>Garantie ist gut, aber Kontrolle ist besser. Wir lassen uns regelm\u00e4\u00dfig von unabh\u00e4ngigen Stellen pr\u00fcfen, um Ihnen eine umfassende Qualit\u00e4tsgarantie geben zu k\u00f6nnen. Transparenz und Vertrauen sind somit wichtige Eckpfeiler unserer Arbeit.<\/p>\n<p><\/div><\/td><\/tr><\/tbody><\/table><\/div><\/div><\/div>\n[\/spb_text_block] [blank_spacer height=&#8221;73px&#8221; width=&#8221;1\/1&#8243; el_position=&#8221;first last&#8221;]\n","protected":false},"excerpt":{"rendered":"<p>[blank_spacer height=&#8221;70px&#8221; width=&#8221;1\/1&#8243; el_position=&#8221;first last&#8221;] [spb_column width=&#8221;1\/2&#8243; el_position=&#8221;first&#8221;] [spb_single_image image=&#8221;13094&#8243; image_size=&#8221;full&#8221; frame=&#8221;noframe&#8221; intro_animation=&#8221;none&#8221; full_width=&#8221;no&#8221; lightbox=&#8221;yes&#8221; link_target=&#8221;_self&#8221; width=&#8221;1\/1&#8243; el_position=&#8221;first last&#8221;] [\/spb_column] [spb_column width=&#8221;1\/2&#8243; el_position=&#8221;last&#8221;] [spb_text_block title=&#8221;\u00dcber uns&#8221; pb_margin_bottom=&#8221;no&#8221; pb_border_bottom=&#8221;no&#8221; width=&#8221;1\/1&#8243; el_position=&#8221;first last&#8221;] Obst und Gem\u00fcse international. Frische weltweit, rund um die Uhr, sowie auf Ihre W\u00fcnsche abgestimmt. Wir bei Keuthmann entwickeln aktiv nachhaltige L\u00f6sungen f\u00fcr unsere Kunden. Vom Caterer, \u00fcber die [&hellip;]<\/p>\n","protected":false},"author":1,"featured_media":0,"parent":0,"menu_order":0,"comment_status":"closed","ping_status":"closed","template":"","meta":{"_acf_changed":false,"footnotes":""},"acf":[],"yoast_head":"<!-- This site is optimized with the Yoast SEO plugin v22.4 - https:\/\/yoast.com\/wordpress\/plugins\/seo\/ -->\n<title>Obst und Gem\u00fcse Berlin - Peter Keuthmann GmbH<\/title>\n<meta name=\"description\" content=\"Obst und Gem\u00fcse weltweit. Keuthmann ist f\u00fcr die Gastronomie, den Lebensmitteleinzelhandel, den Markth\u00e4ndler und den Onlinehandel der richtige Partner.\" \/>\n<meta name=\"robots\" content=\"index, follow, max-snippet:-1, max-image-preview:large, max-video-preview:-1\" \/>\n<link rel=\"canonical\" href=\"https:\/\/keuthmann.net\/\" \/>\n<meta property=\"og:locale\" content=\"de_DE\" \/>\n<meta property=\"og:type\" content=\"article\" \/>\n<meta property=\"og:title\" content=\"Obst und Gem\u00fcse Berlin - Peter Keuthmann GmbH\" \/>\n<meta property=\"og:description\" content=\"Obst und Gem\u00fcse weltweit. Keuthmann ist f\u00fcr die Gastronomie, den Lebensmitteleinzelhandel, den Markth\u00e4ndler und den Onlinehandel der richtige Partner.\" \/>\n<meta property=\"og:url\" content=\"https:\/\/keuthmann.net\/\" \/>\n<meta property=\"og:site_name\" content=\"Keuthmann\" \/>\n<meta property=\"article:publisher\" content=\"https:\/\/www.facebook.com\/keuthmannberlin\/\" \/>\n<meta property=\"article:modified_time\" content=\"2023-01-25T12:09:19+00:00\" \/>\n<meta name=\"twitter:card\" content=\"summary_large_image\" \/>\n<meta name=\"twitter:label1\" content=\"Gesch\u00e4tzte Lesezeit\" \/>\n\t<meta name=\"twitter:data1\" content=\"4 Minuten\" \/>\n<script type=\"application\/ld+json\" class=\"yoast-schema-graph\">{\"@context\":\"https:\/\/schema.org\",\"@graph\":[{\"@type\":\"WebPage\",\"@id\":\"https:\/\/keuthmann.net\/\",\"url\":\"https:\/\/keuthmann.net\/\",\"name\":\"Obst und Gem\u00fcse Berlin - Peter Keuthmann GmbH\",\"isPartOf\":{\"@id\":\"https:\/\/keuthmann.net\/#website\"},\"datePublished\":\"2013-03-09T05:01:39+00:00\",\"dateModified\":\"2023-01-25T12:09:19+00:00\",\"description\":\"Obst und Gem\u00fcse weltweit. Keuthmann ist f\u00fcr die Gastronomie, den Lebensmitteleinzelhandel, den Markth\u00e4ndler und den Onlinehandel der richtige Partner.\",\"breadcrumb\":{\"@id\":\"https:\/\/keuthmann.net\/#breadcrumb\"},\"inLanguage\":\"de-DE\",\"potentialAction\":[{\"@type\":\"ReadAction\",\"target\":[\"https:\/\/keuthmann.net\/\"]}]},{\"@type\":\"BreadcrumbList\",\"@id\":\"https:\/\/keuthmann.net\/#breadcrumb\",\"itemListElement\":[{\"@type\":\"ListItem\",\"position\":1,\"name\":\"Startseite\",\"item\":\"https:\/\/keuthmann.net\/\"},{\"@type\":\"ListItem\",\"position\":2,\"name\":\"Homepage\"}]},{\"@type\":\"WebSite\",\"@id\":\"https:\/\/keuthmann.net\/#website\",\"url\":\"https:\/\/keuthmann.net\/\",\"name\":\"Keuthmann\",\"description\":\"Nat\u00fcrlich weltweit frisch\",\"publisher\":{\"@id\":\"https:\/\/keuthmann.net\/#organization\"},\"potentialAction\":[{\"@type\":\"SearchAction\",\"target\":{\"@type\":\"EntryPoint\",\"urlTemplate\":\"https:\/\/keuthmann.net\/?s={search_term_string}\"},\"query-input\":\"required name=search_term_string\"}],\"inLanguage\":\"de-DE\"},{\"@type\":\"Organization\",\"@id\":\"https:\/\/keuthmann.net\/#organization\",\"name\":\"Peter Keuthmann GmbH & Co.KG\",\"url\":\"https:\/\/keuthmann.net\/\",\"logo\":{\"@type\":\"ImageObject\",\"inLanguage\":\"de-DE\",\"@id\":\"https:\/\/keuthmann.net\/#\/schema\/logo\/image\/\",\"url\":\"https:\/\/keuthmann.net\/wp-content\/uploads\/2019\/11\/Logo_Slogan_RGB_3D.jpg\",\"contentUrl\":\"https:\/\/keuthmann.net\/wp-content\/uploads\/2019\/11\/Logo_Slogan_RGB_3D.jpg\",\"width\":2059,\"height\":500,\"caption\":\"Peter Keuthmann GmbH & Co.KG\"},\"image\":{\"@id\":\"https:\/\/keuthmann.net\/#\/schema\/logo\/image\/\"},\"sameAs\":[\"https:\/\/www.facebook.com\/keuthmannberlin\/\"]}]}<\/script>\n<!-- \/ Yoast SEO plugin. -->","yoast_head_json":{"title":"Obst und Gem\u00fcse Berlin - Peter Keuthmann GmbH","description":"Obst und Gem\u00fcse weltweit. Keuthmann ist f\u00fcr die Gastronomie, den Lebensmitteleinzelhandel, den Markth\u00e4ndler und den Onlinehandel der richtige Partner.","robots":{"index":"index","follow":"follow","max-snippet":"max-snippet:-1","max-image-preview":"max-image-preview:large","max-video-preview":"max-video-preview:-1"},"canonical":"https:\/\/keuthmann.net\/","og_locale":"de_DE","og_type":"article","og_title":"Obst und Gem\u00fcse Berlin - Peter Keuthmann GmbH","og_description":"Obst und Gem\u00fcse weltweit. Keuthmann ist f\u00fcr die Gastronomie, den Lebensmitteleinzelhandel, den Markth\u00e4ndler und den Onlinehandel der richtige Partner.","og_url":"https:\/\/keuthmann.net\/","og_site_name":"Keuthmann","article_publisher":"https:\/\/www.facebook.com\/keuthmannberlin\/","article_modified_time":"2023-01-25T12:09:19+00:00","twitter_card":"summary_large_image","twitter_misc":{"Gesch\u00e4tzte Lesezeit":"4 Minuten"},"schema":{"@context":"https:\/\/schema.org","@graph":[{"@type":"WebPage","@id":"https:\/\/keuthmann.net\/","url":"https:\/\/keuthmann.net\/","name":"Obst und Gem\u00fcse Berlin - Peter Keuthmann GmbH","isPartOf":{"@id":"https:\/\/keuthmann.net\/#website"},"datePublished":"2013-03-09T05:01:39+00:00","dateModified":"2023-01-25T12:09:19+00:00","description":"Obst und Gem\u00fcse weltweit. Keuthmann ist f\u00fcr die Gastronomie, den Lebensmitteleinzelhandel, den Markth\u00e4ndler und den Onlinehandel der richtige Partner.","breadcrumb":{"@id":"https:\/\/keuthmann.net\/#breadcrumb"},"inLanguage":"de-DE","potentialAction":[{"@type":"ReadAction","target":["https:\/\/keuthmann.net\/"]}]},{"@type":"BreadcrumbList","@id":"https:\/\/keuthmann.net\/#breadcrumb","itemListElement":[{"@type":"ListItem","position":1,"name":"Startseite","item":"https:\/\/keuthmann.net\/"},{"@type":"ListItem","position":2,"name":"Homepage"}]},{"@type":"WebSite","@id":"https:\/\/keuthmann.net\/#website","url":"https:\/\/keuthmann.net\/","name":"Keuthmann","description":"Nat\u00fcrlich weltweit frisch","publisher":{"@id":"https:\/\/keuthmann.net\/#organization"},"potentialAction":[{"@type":"SearchAction","target":{"@type":"EntryPoint","urlTemplate":"https:\/\/keuthmann.net\/?s={search_term_string}"},"query-input":"required name=search_term_string"}],"inLanguage":"de-DE"},{"@type":"Organization","@id":"https:\/\/keuthmann.net\/#organization","name":"Peter Keuthmann GmbH & Co.KG","url":"https:\/\/keuthmann.net\/","logo":{"@type":"ImageObject","inLanguage":"de-DE","@id":"https:\/\/keuthmann.net\/#\/schema\/logo\/image\/","url":"https:\/\/keuthmann.net\/wp-content\/uploads\/2019\/11\/Logo_Slogan_RGB_3D.jpg","contentUrl":"https:\/\/keuthmann.net\/wp-content\/uploads\/2019\/11\/Logo_Slogan_RGB_3D.jpg","width":2059,"height":500,"caption":"Peter Keuthmann GmbH & Co.KG"},"image":{"@id":"https:\/\/keuthmann.net\/#\/schema\/logo\/image\/"},"sameAs":["https:\/\/www.facebook.com\/keuthmannberlin\/"]}]}},"_links":{"self":[{"href":"https:\/\/keuthmann.net\/index.php?rest_route=\/wp\/v2\/pages\/7606"}],"collection":[{"href":"https:\/\/keuthmann.net\/index.php?rest_route=\/wp\/v2\/pages"}],"about":[{"href":"https:\/\/keuthmann.net\/index.php?rest_route=\/wp\/v2\/types\/page"}],"author":[{"embeddable":true,"href":"https:\/\/keuthmann.net\/index.php?rest_route=\/wp\/v2\/users\/1"}],"replies":[{"embeddable":true,"href":"https:\/\/keuthmann.net\/index.php?rest_route=%2Fwp%2Fv2%2Fcomments&post=7606"}],"version-history":[{"count":89,"href":"https:\/\/keuthmann.net\/index.php?rest_route=\/wp\/v2\/pages\/7606\/revisions"}],"predecessor-version":[{"id":14059,"href":"https:\/\/keuthmann.net\/index.php?rest_route=\/wp\/v2\/pages\/7606\/revisions\/14059"}],"wp:attachment":[{"href":"https:\/\/keuthmann.net\/index.php?rest_route=%2Fwp%2Fv2%2Fmedia&parent=7606"}],"curies":[{"name":"wp","href":"https:\/\/api.w.org\/{rel}","templated":true}]}}